{"id":10020,"date":"2024-01-23T14:49:56","date_gmt":"2024-01-23T14:49:56","guid":{"rendered":"https:\/\/www.laxmiusedmachine.com\/?post_type=product&#038;p=10020"},"modified":"2024-12-08T11:16:35","modified_gmt":"2024-12-08T11:16:35","slug":"3-axis-cnc-cylindrical-grinder-lizzini-sirio6-with-siemens-840d","status":"publish","type":"product","link":"https:\/\/www.laxmiusedmachine.com\/es\/prodotto\/3-axis-cnc-cylindrical-grinder-lizzini-sirio6-with-siemens-840d\/","title":{"rendered":"RECTIFICADORA CIL\u00cdNDRICA CNC DE 3 EJES, LIZZINI \u2013 SIRIO6 con SIEMENS 840D"},"content":{"rendered":"<div id=\"fws_6a0931bd93c9e\"  data-column-margin=\"default\" data-midnight=\"dark\"  class=\"wpb_row vc_row-fluid vc_row\"  style=\"padding-top: 0px; padding-bottom: 0px; \"><div class=\"row-bg-wrap\" data-bg-animation=\"none\" data-bg-animation-delay=\"\" data-bg-overlay=\"false\"><div class=\"inner-wrap row-bg-layer\" ><div class=\"row-bg viewport-desktop\"  style=\"\"><\/div><\/div><\/div><div class=\"row_col_wrap_12 col span_12 dark left\">\n\t<div  class=\"vc_col-sm-4 wpb_column column_container vc_column_container col no-extra-padding inherit_tablet inherit_phone\"  data-padding-pos=\"all\" data-has-bg-color=\"false\" data-bg-color=\"\" data-bg-opacity=\"1\" data-animation=\"\" data-delay=\"0\" >\n\t\t<div class=\"vc_column-inner\" >\n\t\t\t<div class=\"wpb_wrapper\">\n\t\t\t\t\n\t\t\t<\/div> \n\t\t<\/div>\n\t<\/div> \n\n\t<div  class=\"vc_col-sm-4 wpb_column column_container vc_column_container col no-extra-padding inherit_tablet inherit_phone\"  data-padding-pos=\"all\" data-has-bg-color=\"false\" data-bg-color=\"\" data-bg-opacity=\"1\" data-animation=\"\" data-delay=\"0\" >\n\t\t<div class=\"vc_column-inner\" >\n\t\t\t<div class=\"wpb_wrapper\">\n\t\t\t\t<div class=\"nectar-fancy-ul\" data-list-icon=\"linecon-icon-settings\" data-animation=\"false\" data-animation-delay=\"0\" data-color=\"accent-color\" data-spacing=\"default\" data-alignment=\"left\"> \n<p style=\"text-align: center;\"><strong>RECTIFICADORA CIL\u00cdNDRICA CNC DE 3 EJES<br \/>\n<\/strong><\/p>\n<ul style=\"text-align: center;\">\n<li><strong>Hacer:<\/strong> Lizzini<\/li>\n<li><strong>Modelo:<\/strong> Sirio 6 CNC<\/li>\n<li><strong>CNC:<\/strong> Siemens 840D<\/li>\n<li>REFORMA COMPLETA: A\u00d1O 2011<\/li>\n<li><strong>Altura del centro:<\/strong> 150 mil\u00edmetros<\/li>\n<li><strong>Longitud m\u00e1xima de molienda:<\/strong> 600mm<\/li>\n<li><strong>Di\u00e1metro m\u00e1ximo de molienda:<\/strong> 290 mil\u00edmetros<\/li>\n<li><strong>Peso m\u00e1ximo permitido entre centros:<\/strong> 120 kilos<\/li>\n<li><strong>Recorrido del eje X (transversal):<\/strong> 330mm<\/li>\n<li><strong>Recorrido del eje Z (longitudinal):<\/strong> 750 mil\u00edmetros<\/li>\n<li><strong>Tama\u00f1o m\u00e1ximo de la muela abrasiva:<\/strong> 508 x 80 x 203,2 mm<\/li>\n<\/ul>\n<p style=\"text-align: center;\"><strong>Otras informaciones:<\/strong><br \/>\nLa m\u00e1quina est\u00e1 en excelentes condiciones y est\u00e1 completa en todas sus partes y accesorios.<\/p>\n <\/div>\n\t\t\t<\/div> \n\t\t<\/div>\n\t<\/div> \n\n\t<div  class=\"vc_col-sm-4 wpb_column column_container vc_column_container col no-extra-padding inherit_tablet inherit_phone\"  data-padding-pos=\"all\" data-has-bg-color=\"false\" data-bg-color=\"\" data-bg-opacity=\"1\" data-animation=\"\" data-delay=\"0\" >\n\t\t<div class=\"vc_column-inner\" >\n\t\t\t<div class=\"wpb_wrapper\">\n\t\t\t\t\n\t\t\t<\/div> \n\t\t<\/div>\n\t<\/div> \n<\/div><\/div>","protected":false},"excerpt":{"rendered":"<p>Aqu\u00ed est\u00e1 nuestra\u00a0<strong>RECTIFICADORA CIL\u00cdNDRICA CNC,<\/strong><\/p>\n<p>Esta en excelente estado, para cualquier mayor informaci\u00f3n estamos a su disposici\u00f3n!<\/p>","protected":false},"featured_media":11227,"comment_status":"closed","ping_status":"closed","template":"","meta":[],"product_brand":[],"product_cat":[100],"product_tag":[1190,394,1191],"class_list":{"0":"post-10020","1":"product","2":"type-product","3":"status-publish","4":"has-post-thumbnail","6":"product_cat-cylindrical-grinding-machines","7":"product_tag-cnc-cylindrical-grinder","8":"product_tag-lizzini","9":"product_tag-sirio-6","10":"pa_luogo-india","12":"first","13":"instock","14":"shipping-taxable","15":"product-type-simple"},"_links":{"self":[{"href":"https:\/\/www.laxmiusedmachine.com\/es\/wp-json\/wp\/v2\/product\/10020","targetHints":{"allow":["GET"]}}],"collection":[{"href":"https:\/\/www.laxmiusedmachine.com\/es\/wp-json\/wp\/v2\/product"}],"about":[{"href":"https:\/\/www.laxmiusedmachine.com\/es\/wp-json\/wp\/v2\/types\/product"}],"replies":[{"embeddable":true,"href":"https:\/\/www.laxmiusedmachine.com\/es\/wp-json\/wp\/v2\/comments?post=10020"}],"wp:featuredmedia":[{"embeddable":true,"href":"https:\/\/www.laxmiusedmachine.com\/es\/wp-json\/wp\/v2\/media\/11227"}],"wp:attachment":[{"href":"https:\/\/www.laxmiusedmachine.com\/es\/wp-json\/wp\/v2\/media?parent=10020"}],"wp:term":[{"taxonomy":"product_brand","embeddable":true,"href":"https:\/\/www.laxmiusedmachine.com\/es\/wp-json\/wp\/v2\/product_brand?post=10020"},{"taxonomy":"product_cat","embeddable":true,"href":"https:\/\/www.laxmiusedmachine.com\/es\/wp-json\/wp\/v2\/product_cat?post=10020"},{"taxonomy":"product_tag","embeddable":true,"href":"https:\/\/www.laxmiusedmachine.com\/es\/wp-json\/wp\/v2\/product_tag?post=10020"}],"curies":[{"name":"wp","href":"https:\/\/api.w.org\/{rel}","templated":true}]}}