{"id":8692,"date":"2023-11-09T15:32:04","date_gmt":"2023-11-09T15:32:04","guid":{"rendered":"https:\/\/www.laxmiusedmachine.com\/?post_type=product&#038;p=8692"},"modified":"2023-11-09T15:46:21","modified_gmt":"2023-11-09T15:46:21","slug":"horizontal-boring-machine-san-rocco-mec-3","status":"publish","type":"product","link":"https:\/\/www.laxmiusedmachine.com\/de\/prodotto\/horizontal-boring-machine-san-rocco-mec-3\/","title":{"rendered":"Horizontalbohrmaschine, San Rocco \u2013 MEC 3"},"content":{"rendered":"<div id=\"fws_69eb68bcecc3c\"  data-column-margin=\"default\" data-midnight=\"dark\"  class=\"wpb_row vc_row-fluid vc_row\"  style=\"padding-top: 0px; padding-bottom: 0px; \"><div class=\"row-bg-wrap\" data-bg-animation=\"none\" data-bg-animation-delay=\"\" data-bg-overlay=\"false\"><div class=\"inner-wrap row-bg-layer\" ><div class=\"row-bg viewport-desktop\"  style=\"\"><\/div><\/div><\/div><div class=\"row_col_wrap_12 col span_12 dark left\">\n\t<div  class=\"vc_col-sm-4 wpb_column column_container vc_column_container col no-extra-padding inherit_tablet inherit_phone\"  data-padding-pos=\"all\" data-has-bg-color=\"false\" data-bg-color=\"\" data-bg-opacity=\"1\" data-animation=\"\" data-delay=\"0\" >\n\t\t<div class=\"vc_column-inner\" >\n\t\t\t<div class=\"wpb_wrapper\">\n\t\t\t\t\n\t\t\t<\/div> \n\t\t<\/div>\n\t<\/div> \n\n\t<div  class=\"vc_col-sm-4 wpb_column column_container vc_column_container col no-extra-padding inherit_tablet inherit_phone\"  data-padding-pos=\"all\" data-has-bg-color=\"false\" data-bg-color=\"\" data-bg-opacity=\"1\" data-animation=\"\" data-delay=\"0\" >\n\t\t<div class=\"vc_column-inner\" >\n\t\t\t<div class=\"wpb_wrapper\">\n\t\t\t\t<div class=\"nectar-fancy-ul\" data-list-icon=\"linecon-icon-settings\" data-animation=\"false\" data-animation-delay=\"0\" data-color=\"accent-color\" data-spacing=\"default\" data-alignment=\"left\"> \n<p style=\"text-align: center;\"><strong>HORIZONTALE BOHRMASCHINE<br \/>\nAusgestattet mit DRO<\/strong><\/p>\n<ul>\n<li style=\"text-align: center;\"><strong>Machen:<\/strong> San Rocco<\/li>\n<li style=\"text-align: center;\"><strong>Modell:<\/strong> Mec 3<\/li>\n<li style=\"text-align: center;\"><strong>Spindeldurchmesser (Bohrung):<\/strong> 76 mm<\/li>\n<li style=\"text-align: center;\"><strong>Spindelkonus:<\/strong> Morse 5<\/li>\n<li style=\"text-align: center;\"><strong>Spindeldurchmesser (Fr\u00e4sen):<\/strong> 130 mm<\/li>\n<li style=\"text-align: center;\"><strong>Tischgr\u00f6\u00dfe:<\/strong> 920 x 920 mm<\/li>\n<li style=\"text-align: center;\"><strong>L\u00e4ngsschlag mit gleichm\u00e4\u00dfiger Ruhe:<\/strong> 920 mm<\/li>\n<li style=\"text-align: center;\"><strong>L\u00e4ngsschlag ohne gleichm\u00e4\u00dfige Ruhepause:<\/strong> 1100 mm<\/li>\n<li style=\"text-align: center;\"><strong>Reise durch die Landschaft:<\/strong> 920 mm<\/li>\n<\/ul>\n<p style=\"text-align: center;\"><strong>Andere Informationen:<\/strong><br \/>\nDie Maschine ist in einem ausgezeichneten Zustand und vollst\u00e4ndig mit allen Teilen und Zubeh\u00f6r.<br \/>\n<strong>Die Maschine ist insbesondere mit einer digitalen Positionsanzeige (DRO) ausgestattet.<\/strong><br \/>\n<strong>(wie auf den Bildern zu sehen)<\/strong><\/p>\n <\/div>\n\t\t\t<\/div> \n\t\t<\/div>\n\t<\/div> \n\n\t<div  class=\"vc_col-sm-4 wpb_column column_container vc_column_container col no-extra-padding inherit_tablet inherit_phone\"  data-padding-pos=\"all\" data-has-bg-color=\"false\" data-bg-color=\"\" data-bg-opacity=\"1\" data-animation=\"\" data-delay=\"0\" >\n\t\t<div class=\"vc_column-inner\" >\n\t\t\t<div class=\"wpb_wrapper\">\n\t\t\t\t\n\t\t\t<\/div> \n\t\t<\/div>\n\t<\/div> \n<\/div><\/div>","protected":false},"excerpt":{"rendered":"<p>Hier ist unsere <strong>HORIZONTALBOHRMASCHINE,<\/strong><\/p>\n<p>Es befindet sich in einem ausgezeichneten Zustand. F\u00fcr weitere Informationen stehen wir Ihnen gerne zur Verf\u00fcgung!<\/p>","protected":false},"featured_media":8698,"comment_status":"closed","ping_status":"closed","template":"","meta":[],"product_brand":[],"product_cat":[780],"product_tag":[718,1089,1090,1088],"class_list":{"0":"post-8692","1":"product","2":"type-product","3":"status-publish","4":"has-post-thumbnail","6":"product_cat-cnc-boring-machines","7":"product_tag-boring-machine","8":"product_tag-mec-3","9":"product_tag-mec3","10":"product_tag-san-rocco","11":"pa_luogo-italia","13":"first","14":"instock","15":"shipping-taxable","16":"product-type-simple"},"_links":{"self":[{"href":"https:\/\/www.laxmiusedmachine.com\/de\/wp-json\/wp\/v2\/product\/8692","targetHints":{"allow":["GET"]}}],"collection":[{"href":"https:\/\/www.laxmiusedmachine.com\/de\/wp-json\/wp\/v2\/product"}],"about":[{"href":"https:\/\/www.laxmiusedmachine.com\/de\/wp-json\/wp\/v2\/types\/product"}],"replies":[{"embeddable":true,"href":"https:\/\/www.laxmiusedmachine.com\/de\/wp-json\/wp\/v2\/comments?post=8692"}],"wp:featuredmedia":[{"embeddable":true,"href":"https:\/\/www.laxmiusedmachine.com\/de\/wp-json\/wp\/v2\/media\/8698"}],"wp:attachment":[{"href":"https:\/\/www.laxmiusedmachine.com\/de\/wp-json\/wp\/v2\/media?parent=8692"}],"wp:term":[{"taxonomy":"product_brand","embeddable":true,"href":"https:\/\/www.laxmiusedmachine.com\/de\/wp-json\/wp\/v2\/product_brand?post=8692"},{"taxonomy":"product_cat","embeddable":true,"href":"https:\/\/www.laxmiusedmachine.com\/de\/wp-json\/wp\/v2\/product_cat?post=8692"},{"taxonomy":"product_tag","embeddable":true,"href":"https:\/\/www.laxmiusedmachine.com\/de\/wp-json\/wp\/v2\/product_tag?post=8692"}],"curies":[{"name":"wp","href":"https:\/\/api.w.org\/{rel}","templated":true}]}}