{"id":7415,"date":"2023-07-31T06:26:43","date_gmt":"2023-07-31T06:26:43","guid":{"rendered":"https:\/\/www.laxmiusedmachine.com\/?post_type=product&#038;p=7415"},"modified":"2023-10-02T06:16:41","modified_gmt":"2023-10-02T06:16:41","slug":"gear-shaper-stankoimport-5m150","status":"publish","type":"product","link":"https:\/\/www.laxmiusedmachine.com\/de\/prodotto\/gear-shaper-stankoimport-5m150\/","title":{"rendered":"Zahnradformer, TankoImport \u2013 5M150"},"content":{"rendered":"<div id=\"fws_69df5d45b8ec3\"  data-column-margin=\"default\" data-midnight=\"dark\"  class=\"wpb_row vc_row-fluid vc_row\"  style=\"padding-top: 0px; padding-bottom: 0px; \"><div class=\"row-bg-wrap\" data-bg-animation=\"none\" data-bg-animation-delay=\"\" data-bg-overlay=\"false\"><div class=\"inner-wrap row-bg-layer\" ><div class=\"row-bg viewport-desktop\"  style=\"\"><\/div><\/div><\/div><div class=\"row_col_wrap_12 col span_12 dark left\">\n\t<div  class=\"vc_col-sm-4 wpb_column column_container vc_column_container col no-extra-padding inherit_tablet inherit_phone\"  data-padding-pos=\"all\" data-has-bg-color=\"false\" data-bg-color=\"\" data-bg-opacity=\"1\" data-animation=\"\" data-delay=\"0\" >\n\t\t<div class=\"vc_column-inner\" >\n\t\t\t<div class=\"wpb_wrapper\">\n\t\t\t\t\n\t\t\t<\/div> \n\t\t<\/div>\n\t<\/div> \n\n\t<div  class=\"vc_col-sm-4 wpb_column column_container vc_column_container col no-extra-padding inherit_tablet inherit_phone\"  data-padding-pos=\"all\" data-has-bg-color=\"false\" data-bg-color=\"\" data-bg-opacity=\"1\" data-animation=\"\" data-delay=\"0\" >\n\t\t<div class=\"vc_column-inner\" >\n\t\t\t<div class=\"wpb_wrapper\">\n\t\t\t\t<div class=\"nectar-fancy-ul\" data-list-icon=\"linecon-icon-settings\" data-animation=\"false\" data-animation-delay=\"0\" data-color=\"accent-color\" data-spacing=\"default\" data-alignment=\"left\"> \n<p class=\"p1\" style=\"text-align: center;\"><b>Zahnradformer, TankoImport \u2013 5M150<\/b><\/p>\n<p class=\"p1\" style=\"text-align: center;\"><b>Machen:<\/b> Stankoimport<\/p>\n<p class=\"p1\" style=\"text-align: center;\"><b>Modell:<\/b> 5M150<\/p>\n<ul style=\"text-align: center;\">\n<li class=\"p1\"><b>Streicheln:<\/b> 160 mm<\/li>\n<li class=\"p1\"><b>Zahnraddurchmesser:<\/b> 800mm<\/li>\n<li class=\"p1\"><b>Max. Modul:<\/b> 12<\/li>\n<\/ul>\n<p class=\"p2\" style=\"text-align: center;\"><b>Andere Information:<\/b><\/p>\n<p class=\"p2\" style=\"text-align: center;\">Die Maschine ist in einem ausgezeichneten Zustand und vollst\u00e4ndig mit allen Teilen und Zubeh\u00f6r.<\/p>\n <\/div>\n\t\t\t<\/div> \n\t\t<\/div>\n\t<\/div> \n\n\t<div  class=\"vc_col-sm-4 wpb_column column_container vc_column_container col no-extra-padding inherit_tablet inherit_phone\"  data-padding-pos=\"all\" data-has-bg-color=\"false\" data-bg-color=\"\" data-bg-opacity=\"1\" data-animation=\"\" data-delay=\"0\" >\n\t\t<div class=\"vc_column-inner\" >\n\t\t\t<div class=\"wpb_wrapper\">\n\t\t\t\t\n\t\t\t<\/div> \n\t\t<\/div>\n\t<\/div> \n<\/div><\/div>","protected":false},"excerpt":{"rendered":"<p>Hier ist unsere <strong>Zahnradformer,<\/strong> Es ist in einem hervorragenden Zustand!!<\/p>\n<p>F\u00fcr weitere Ausk\u00fcnfte stehen wir Ihnen gerne zur Verf\u00fcgung.<\/p>","protected":false},"featured_media":7425,"comment_status":"closed","ping_status":"closed","template":"","meta":[],"product_brand":[],"product_cat":[25],"product_tag":[227,247,820,893,511],"class_list":{"0":"post-7415","1":"product","2":"type-product","3":"status-publish","4":"has-post-thumbnail","6":"product_cat-gear-shaping-machines","7":"product_tag-gear","8":"product_tag-shaper","9":"product_tag-shaping","10":"product_tag-stanko","11":"product_tag-stankoimport","12":"pa_luogo-india","14":"first","15":"instock","16":"shipping-taxable","17":"product-type-simple"},"_links":{"self":[{"href":"https:\/\/www.laxmiusedmachine.com\/de\/wp-json\/wp\/v2\/product\/7415","targetHints":{"allow":["GET"]}}],"collection":[{"href":"https:\/\/www.laxmiusedmachine.com\/de\/wp-json\/wp\/v2\/product"}],"about":[{"href":"https:\/\/www.laxmiusedmachine.com\/de\/wp-json\/wp\/v2\/types\/product"}],"replies":[{"embeddable":true,"href":"https:\/\/www.laxmiusedmachine.com\/de\/wp-json\/wp\/v2\/comments?post=7415"}],"wp:featuredmedia":[{"embeddable":true,"href":"https:\/\/www.laxmiusedmachine.com\/de\/wp-json\/wp\/v2\/media\/7425"}],"wp:attachment":[{"href":"https:\/\/www.laxmiusedmachine.com\/de\/wp-json\/wp\/v2\/media?parent=7415"}],"wp:term":[{"taxonomy":"product_brand","embeddable":true,"href":"https:\/\/www.laxmiusedmachine.com\/de\/wp-json\/wp\/v2\/product_brand?post=7415"},{"taxonomy":"product_cat","embeddable":true,"href":"https:\/\/www.laxmiusedmachine.com\/de\/wp-json\/wp\/v2\/product_cat?post=7415"},{"taxonomy":"product_tag","embeddable":true,"href":"https:\/\/www.laxmiusedmachine.com\/de\/wp-json\/wp\/v2\/product_tag?post=7415"}],"curies":[{"name":"wp","href":"https:\/\/api.w.org\/{rel}","templated":true}]}}