{"id":6480,"date":"2023-06-29T17:03:33","date_gmt":"2023-06-29T17:03:33","guid":{"rendered":"https:\/\/www.laxmiusedmachine.com\/?post_type=product&#038;p=6480"},"modified":"2024-01-02T08:41:20","modified_gmt":"2024-01-02T08:41:20","slug":"cnc-rack-cutting-milling-mannesmann-germany-5802","status":"publish","type":"product","link":"https:\/\/www.laxmiusedmachine.com\/de\/prodotto\/cnc-rack-cutting-milling-mannesmann-germany-5802\/","title":{"rendered":"CNC-Fr\u00e4smaschine mit Zahnstangenantrieb, MANNESMANN (Deutschland) \u2013 5802"},"content":{"rendered":"<div id=\"fws_69eab171b890d\"  data-column-margin=\"default\" data-midnight=\"dark\"  class=\"wpb_row vc_row-fluid vc_row\"  style=\"padding-top: 0px; padding-bottom: 0px; \"><div class=\"row-bg-wrap\" data-bg-animation=\"none\" data-bg-animation-delay=\"\" data-bg-overlay=\"false\"><div class=\"inner-wrap row-bg-layer\" ><div class=\"row-bg viewport-desktop\"  style=\"\"><\/div><\/div><\/div><div class=\"row_col_wrap_12 col span_12 dark left\">\n\t<div  class=\"vc_col-sm-4 wpb_column column_container vc_column_container col no-extra-padding inherit_tablet inherit_phone\"  data-padding-pos=\"all\" data-has-bg-color=\"false\" data-bg-color=\"\" data-bg-opacity=\"1\" data-animation=\"\" data-delay=\"0\" >\n\t\t<div class=\"vc_column-inner\" >\n\t\t\t<div class=\"wpb_wrapper\">\n\t\t\t\t\n\t\t\t<\/div> \n\t\t<\/div>\n\t<\/div> \n\n\t<div  class=\"vc_col-sm-4 wpb_column column_container vc_column_container col no-extra-padding inherit_tablet inherit_phone\"  data-padding-pos=\"all\" data-has-bg-color=\"false\" data-bg-color=\"\" data-bg-opacity=\"1\" data-animation=\"\" data-delay=\"0\" >\n\t\t<div class=\"vc_column-inner\" >\n\t\t\t<div class=\"wpb_wrapper\">\n\t\t\t\t<div class=\"nectar-fancy-ul\" data-list-icon=\"linecon-icon-settings\" data-animation=\"false\" data-animation-delay=\"0\" data-color=\"accent-color\" data-spacing=\"default\" data-alignment=\"left\"> \n<p class=\"p1\" style=\"text-align: center;\"><b>CNC-Gestellfr\u00e4sen<\/b><\/p>\n<p class=\"p1\" style=\"text-align: center;\"><b>Machen:<\/b> Mannesmann (Deutschland)<\/p>\n<p style=\"text-align: center;\"><strong>Modell:<\/strong> 5802<\/p>\n<p class=\"p1\" style=\"text-align: center;\"><b>CNC:<\/b> SIPRO (Italien)<\/p>\n<p style=\"text-align: center;\"><strong>Nachger\u00fcstet mit neuer CNC-SIPRO-Maschine<\/strong><\/p>\n<ul>\n<li style=\"text-align: center;\"><strong>Tischgr\u00f6\u00dfe:<\/strong> 2700\u00d7300<\/li>\n<li class=\"p1\" style=\"text-align: center;\"><b>Maximale Gestelll\u00e4nge:<\/b> 2460 mm<\/li>\n<li style=\"text-align: center;\"><strong>Maximale Regalh\u00f6he:<\/strong> 235 mm<\/li>\n<li style=\"text-align: center;\"><strong>Maximale Regalbreite:<\/strong> 300 mm<\/li>\n<li class=\"p1\" style=\"text-align: center;\"><b>Max. Modul:<\/b> 20<\/li>\n<li style=\"text-align: center;\"><strong>Maximaler Winkel f\u00fcr Schr\u00e4gverzahnung:<\/strong> 25\u00b0<\/li>\n<\/ul>\n<p class=\"p1\" style=\"text-align: center;\"><b>Andere Information:<\/b><\/p>\n<p class=\"p1\" style=\"text-align: center;\">Die Maschine ist in ausgezeichnetem Zustand und vollst\u00e4ndig mit allen Teilen und Zubeh\u00f6r.<\/p>\n<p class=\"p1\" style=\"text-align: center;\"><b>(Sp\u00e4nef\u00f6rderband inklusive)<\/b><\/p>\n <\/div>\n\t\t\t<\/div> \n\t\t<\/div>\n\t<\/div> \n\n\t<div  class=\"vc_col-sm-4 wpb_column column_container vc_column_container col no-extra-padding inherit_tablet inherit_phone\"  data-padding-pos=\"all\" data-has-bg-color=\"false\" data-bg-color=\"\" data-bg-opacity=\"1\" data-animation=\"\" data-delay=\"0\" >\n\t\t<div class=\"vc_column-inner\" >\n\t\t\t<div class=\"wpb_wrapper\">\n\t\t\t\t\n\t\t\t<\/div> \n\t\t<\/div>\n\t<\/div> \n<\/div><\/div>","protected":false},"excerpt":{"rendered":"<p>Hier ist unsere <b>CNC-Gestellfr\u00e4smaschine.<\/b><\/p>\n<p>Es ist in allen seinen Teilen vollst\u00e4ndig. <strong>(Sp\u00e4nef\u00f6rderband inklusive), <\/strong>F\u00fcr weitere Informationen stehen wir Ihnen gerne zur Verf\u00fcgung!<\/p>","protected":false},"featured_media":6494,"comment_status":"closed","ping_status":"closed","template":"","meta":[],"product_brand":[],"product_cat":[638],"product_tag":[952,886,711,144,880],"class_list":{"0":"post-6480","1":"product","2":"type-product","3":"status-publish","4":"has-post-thumbnail","6":"product_cat-rack-cutting-milling-machines","7":"product_tag-cnc-rack-milling","8":"product_tag-mannesmann","9":"product_tag-rack","10":"product_tag-rack-cutting","11":"product_tag-rack-machine","12":"pa_luogo-india","14":"first","15":"instock","16":"shipping-taxable","17":"product-type-simple"},"_links":{"self":[{"href":"https:\/\/www.laxmiusedmachine.com\/de\/wp-json\/wp\/v2\/product\/6480","targetHints":{"allow":["GET"]}}],"collection":[{"href":"https:\/\/www.laxmiusedmachine.com\/de\/wp-json\/wp\/v2\/product"}],"about":[{"href":"https:\/\/www.laxmiusedmachine.com\/de\/wp-json\/wp\/v2\/types\/product"}],"replies":[{"embeddable":true,"href":"https:\/\/www.laxmiusedmachine.com\/de\/wp-json\/wp\/v2\/comments?post=6480"}],"wp:featuredmedia":[{"embeddable":true,"href":"https:\/\/www.laxmiusedmachine.com\/de\/wp-json\/wp\/v2\/media\/6494"}],"wp:attachment":[{"href":"https:\/\/www.laxmiusedmachine.com\/de\/wp-json\/wp\/v2\/media?parent=6480"}],"wp:term":[{"taxonomy":"product_brand","embeddable":true,"href":"https:\/\/www.laxmiusedmachine.com\/de\/wp-json\/wp\/v2\/product_brand?post=6480"},{"taxonomy":"product_cat","embeddable":true,"href":"https:\/\/www.laxmiusedmachine.com\/de\/wp-json\/wp\/v2\/product_cat?post=6480"},{"taxonomy":"product_tag","embeddable":true,"href":"https:\/\/www.laxmiusedmachine.com\/de\/wp-json\/wp\/v2\/product_tag?post=6480"}],"curies":[{"name":"wp","href":"https:\/\/api.w.org\/{rel}","templated":true}]}}