{"id":6281,"date":"2023-06-06T09:36:25","date_gmt":"2023-06-06T09:36:25","guid":{"rendered":"https:\/\/www.laxmiusedmachine.com\/?post_type=product&#038;p=6281"},"modified":"2023-07-11T15:03:11","modified_gmt":"2023-07-11T15:03:11","slug":"cnc-lathe-biglia-b545ys","status":"publish","type":"product","link":"https:\/\/www.laxmiusedmachine.com\/de\/prodotto\/cnc-lathe-biglia-b545ys\/","title":{"rendered":"CNC-Drehmaschine, Biglia \u2013 B545YS"},"content":{"rendered":"<div id=\"fws_69f48f3ca9369\"  data-column-margin=\"default\" data-midnight=\"dark\"  class=\"wpb_row vc_row-fluid vc_row\"  style=\"padding-top: 0px; padding-bottom: 0px; \"><div class=\"row-bg-wrap\" data-bg-animation=\"none\" data-bg-animation-delay=\"\" data-bg-overlay=\"false\"><div class=\"inner-wrap row-bg-layer\" ><div class=\"row-bg viewport-desktop\"  style=\"\"><\/div><\/div><\/div><div class=\"row_col_wrap_12 col span_12 dark left\">\n\t<div  class=\"vc_col-sm-4 wpb_column column_container vc_column_container col no-extra-padding inherit_tablet inherit_phone\"  data-padding-pos=\"all\" data-has-bg-color=\"false\" data-bg-color=\"\" data-bg-opacity=\"1\" data-animation=\"\" data-delay=\"0\" >\n\t\t<div class=\"vc_column-inner\" >\n\t\t\t<div class=\"wpb_wrapper\">\n\t\t\t\t\n\t\t\t<\/div> \n\t\t<\/div>\n\t<\/div> \n\n\t<div  class=\"vc_col-sm-4 wpb_column column_container vc_column_container col no-extra-padding inherit_tablet inherit_phone\"  data-padding-pos=\"all\" data-has-bg-color=\"false\" data-bg-color=\"\" data-bg-opacity=\"1\" data-animation=\"\" data-delay=\"0\" >\n\t\t<div class=\"vc_column-inner\" >\n\t\t\t<div class=\"wpb_wrapper\">\n\t\t\t\t<div class=\"nectar-fancy-ul\" data-list-icon=\"linecon-icon-settings\" data-animation=\"false\" data-animation-delay=\"0\" data-color=\"accent-color\" data-spacing=\"default\" data-alignment=\"left\"> \n<p class=\"p1\" style=\"text-align: center;\"><b>CNC-Drehmaschine, Biglia \u2013 B545YS<\/b><\/p>\n<p class=\"p1\" style=\"text-align: center;\"><b>Machen:<\/b> Biglia<\/p>\n<p class=\"p1\" style=\"text-align: center;\"><b>Modell:<\/b> B545YS<\/p>\n<p class=\"p1\" style=\"text-align: center;\"><b>CNC:<\/b> Fanuc Serie 32i Modell B<\/p>\n<p class=\"p1\" style=\"text-align: center;\"><b>YOM:<\/b> 2013<\/p>\n<ul style=\"text-align: center;\">\n<li class=\"p1\"><b>Maximaler Drehdurchmesser:<\/b> 220 mm<\/li>\n<li class=\"p1\"><b>Wendekreisl\u00e4nge:<\/b> 560 mm<\/li>\n<li class=\"p1\"><b>Maximale Spindelgeschwindigkeit:<\/b> 5000 U\/min<\/li>\n<li class=\"p1\"><b>Spindelbohrung:<\/b> 51 mm<\/li>\n<li class=\"p1\"><b>Spindeldurchmesser:<\/b> 260 mm<\/li>\n<li class=\"p1\"><b>Maximale Schwingung:<\/b> 580 mm<\/li>\n<\/ul>\n<p class=\"p2\" style=\"text-align: center;\"><b>Andere Information:<\/b><\/p>\n<p class=\"p2\" style=\"text-align: center;\">Die Maschine ist in exzellentem Zustand und vollst\u00e4ndig mit allen Teilen und Zubeh\u00f6r. Sie ist mit einer Y-Achse, angetriebenen Werkzeugen und einem Fusion-Teilelader ausgestattet.<\/p>\n <\/div>\n\t\t\t<\/div> \n\t\t<\/div>\n\t<\/div> \n\n\t<div  class=\"vc_col-sm-4 wpb_column column_container vc_column_container col no-extra-padding inherit_tablet inherit_phone\"  data-padding-pos=\"all\" data-has-bg-color=\"false\" data-bg-color=\"\" data-bg-opacity=\"1\" data-animation=\"\" data-delay=\"0\" >\n\t\t<div class=\"vc_column-inner\" >\n\t\t\t<div class=\"wpb_wrapper\">\n\t\t\t\t\n\t\t\t<\/div> \n\t\t<\/div>\n\t<\/div> \n<\/div><\/div>","protected":false},"excerpt":{"rendered":"<p>Hier ist unsere <strong>CNC-DREHMASCHINE,<\/strong> Es ist in allen seinen Teilen vollst\u00e4ndig und <strong>mit einem St\u00fccklader (Fusion Make).<\/strong><\/p>\n<p>F\u00fcr weitere Ausk\u00fcnfte stehen wir Ihnen jederzeit gerne zur Verf\u00fcgung.<\/p>","protected":false},"featured_media":6283,"comment_status":"closed","ping_status":"closed","template":"","meta":[],"product_brand":[],"product_cat":[24],"product_tag":[380,52,153,855,53,856],"class_list":{"0":"post-6281","1":"product","2":"type-product","3":"status-publish","4":"has-post-thumbnail","6":"product_cat-cnc-lathe-machines","7":"product_tag-biglia","8":"product_tag-cnc","9":"product_tag-cnc-lathe","10":"product_tag-fanuc","11":"product_tag-lathe","12":"product_tag-turning","13":"pa_luogo-italia","15":"first","16":"instock","17":"shipping-taxable","18":"product-type-simple"},"_links":{"self":[{"href":"https:\/\/www.laxmiusedmachine.com\/de\/wp-json\/wp\/v2\/product\/6281","targetHints":{"allow":["GET"]}}],"collection":[{"href":"https:\/\/www.laxmiusedmachine.com\/de\/wp-json\/wp\/v2\/product"}],"about":[{"href":"https:\/\/www.laxmiusedmachine.com\/de\/wp-json\/wp\/v2\/types\/product"}],"replies":[{"embeddable":true,"href":"https:\/\/www.laxmiusedmachine.com\/de\/wp-json\/wp\/v2\/comments?post=6281"}],"wp:featuredmedia":[{"embeddable":true,"href":"https:\/\/www.laxmiusedmachine.com\/de\/wp-json\/wp\/v2\/media\/6283"}],"wp:attachment":[{"href":"https:\/\/www.laxmiusedmachine.com\/de\/wp-json\/wp\/v2\/media?parent=6281"}],"wp:term":[{"taxonomy":"product_brand","embeddable":true,"href":"https:\/\/www.laxmiusedmachine.com\/de\/wp-json\/wp\/v2\/product_brand?post=6281"},{"taxonomy":"product_cat","embeddable":true,"href":"https:\/\/www.laxmiusedmachine.com\/de\/wp-json\/wp\/v2\/product_cat?post=6281"},{"taxonomy":"product_tag","embeddable":true,"href":"https:\/\/www.laxmiusedmachine.com\/de\/wp-json\/wp\/v2\/product_tag?post=6281"}],"curies":[{"name":"wp","href":"https:\/\/api.w.org\/{rel}","templated":true}]}}