{"id":6159,"date":"2023-05-31T07:33:22","date_gmt":"2023-05-31T07:33:22","guid":{"rendered":"https:\/\/www.laxmiusedmachine.com\/?post_type=product&#038;p=6159"},"modified":"2023-07-31T17:06:27","modified_gmt":"2023-07-31T17:06:27","slug":"key-way-milling-machine-hurth-lf4","status":"publish","type":"product","link":"https:\/\/www.laxmiusedmachine.com\/de\/prodotto\/key-way-milling-machine-hurth-lf4\/","title":{"rendered":"KEILFR\u00c4SMASCHINE, HURTH \u2013 LF4"},"content":{"rendered":"<div id=\"fws_69ebf7458970e\"  data-column-margin=\"default\" data-midnight=\"dark\"  class=\"wpb_row vc_row-fluid vc_row\"  style=\"padding-top: 0px; padding-bottom: 0px; \"><div class=\"row-bg-wrap\" data-bg-animation=\"none\" data-bg-animation-delay=\"\" data-bg-overlay=\"false\"><div class=\"inner-wrap row-bg-layer\" ><div class=\"row-bg viewport-desktop\"  style=\"\"><\/div><\/div><\/div><div class=\"row_col_wrap_12 col span_12 dark left\">\n\t<div  class=\"vc_col-sm-4 wpb_column column_container vc_column_container col no-extra-padding inherit_tablet inherit_phone\"  data-padding-pos=\"all\" data-has-bg-color=\"false\" data-bg-color=\"\" data-bg-opacity=\"1\" data-animation=\"\" data-delay=\"0\" >\n\t\t<div class=\"vc_column-inner\" >\n\t\t\t<div class=\"wpb_wrapper\">\n\t\t\t\t\n\t\t\t<\/div> \n\t\t<\/div>\n\t<\/div> \n\n\t<div  class=\"vc_col-sm-4 wpb_column column_container vc_column_container col no-extra-padding inherit_tablet inherit_phone\"  data-padding-pos=\"all\" data-has-bg-color=\"false\" data-bg-color=\"\" data-bg-opacity=\"1\" data-animation=\"\" data-delay=\"0\" >\n\t\t<div class=\"vc_column-inner\" >\n\t\t\t<div class=\"wpb_wrapper\">\n\t\t\t\t<div class=\"nectar-fancy-ul\" data-list-icon=\"linecon-icon-settings\" data-animation=\"false\" data-animation-delay=\"0\" data-color=\"accent-color\" data-spacing=\"default\" data-alignment=\"left\"> \n<p style=\"text-align: center;\"><strong>Keilnutfr\u00e4smaschine<\/strong><\/p>\n<p style=\"text-align: center;\"><strong>Hersteller: HURTH<\/strong><\/p>\n<p style=\"text-align: center;\"><strong>Modell: LF 4<\/strong><\/p>\n<ul>\n<li style=\"text-align: center;\"><i class=\"icon-default-style linecon-icon-settings accent-color\"><\/i><strong>Tischgr\u00f6\u00dfe:<\/strong> 1240 x 300 mm<\/li>\n<li style=\"text-align: center;\"><i class=\"icon-default-style linecon-icon-settings accent-color\"><\/i><strong>Manuelle L\u00e4ngsverstellung:<\/strong> 400mm<\/li>\n<li style=\"text-align: center;\"><i class=\"icon-default-style linecon-icon-settings accent-color\"><\/i><strong>Automatisches L\u00e4ngswerk:<\/strong> 400mm<\/li>\n<li style=\"text-align: center;\"><i class=\"icon-default-style linecon-icon-settings accent-color\"><\/i><strong>Manuelle Querverstellung:<\/strong> 260 mm<\/li>\n<li style=\"text-align: center;\"><i class=\"icon-default-style linecon-icon-settings accent-color\"><\/i><strong>Anleitung zur vertikalen Justierung:<\/strong> 400mm<\/li>\n<li style=\"text-align: center;\"><i class=\"icon-default-style linecon-icon-settings accent-color\"><\/i><strong>Automatische vertikale Anpassung:<\/strong> 400mm<\/li>\n<li style=\"text-align: center;\"><i class=\"icon-default-style linecon-icon-settings accent-color\"><\/i><strong>Vorsprung:<\/strong> 305 mm<\/li>\n<li style=\"text-align: center;\"><i class=\"icon-default-style linecon-icon-settings accent-color\"><\/i><strong>Bohrtiefe (Pinolenhub):<\/strong> 100 mm<\/li>\n<li style=\"text-align: center;\"><i class=\"icon-default-style linecon-icon-settings accent-color\"><\/i><strong>Fr\u00e4sgeschwindigkeiten:<\/strong><\/li>\n<li style=\"text-align: center;\"><i class=\"icon-default-style linecon-icon-settings accent-color\"><\/i>Nummer (9 Stufen) von 180 U\/min bis 2800 U\/min \u2013 ISO 40<\/li>\n<li style=\"text-align: center;\"><i class=\"icon-default-style linecon-icon-settings accent-color\"><\/i><strong>L\u00e4ngszufuhr:<\/strong><br \/>\nZahl (60 Schritte) von 9 mm\/min bis 760 mm\/min.<\/li>\n<li style=\"text-align: center;\"><i class=\"icon-default-style linecon-icon-settings accent-color\"><\/i><strong>Vertikale Zuf\u00fchrung:<\/strong><br \/>\nAnzahl (60 Schritte) von 60 mm\/min bis 920 mm\/min<\/li>\n<li style=\"text-align: center;\"><i class=\"icon-default-style linecon-icon-settings accent-color\"><\/i><strong>Maschinengewicht ca.<\/strong> 1800 kg<\/li>\n<\/ul>\n<p style=\"text-align: center;\"><strong>Andere Informationen:<\/strong><\/p>\n<p style=\"text-align: center;\">Die Maschine ist vollst\u00e4ndig mit allen Teilen und Zubeh\u00f6r und befindet sich in einem ausgezeichneten Betriebszustand.<\/p>\n <\/div>\n\t\t\t<\/div> \n\t\t<\/div>\n\t<\/div> \n\n\t<div  class=\"vc_col-sm-4 wpb_column column_container vc_column_container col no-extra-padding inherit_tablet inherit_phone\"  data-padding-pos=\"all\" data-has-bg-color=\"false\" data-bg-color=\"\" data-bg-opacity=\"1\" data-animation=\"\" data-delay=\"0\" >\n\t\t<div class=\"vc_column-inner\" >\n\t\t\t<div class=\"wpb_wrapper\">\n\t\t\t\t\n\t\t\t<\/div> \n\t\t<\/div>\n\t<\/div> \n<\/div><\/div>","protected":false},"excerpt":{"rendered":"<p>Hier ist unsere\u00a0<strong>Keilnutfr\u00e4smaschine, <\/strong><\/p>\n<p>F\u00fcr Ausk\u00fcnfte stehen wir Ihnen gerne zur Verf\u00fcgung.<\/p>","protected":false},"featured_media":6162,"comment_status":"closed","ping_status":"closed","template":"","meta":[],"product_brand":[],"product_cat":[447],"product_tag":[281,346,414,852,98],"class_list":{"0":"post-6159","1":"product","2":"type-product","3":"status-publish","4":"has-post-thumbnail","6":"product_cat-key-way-milling-machines","7":"product_tag-hurth","8":"product_tag-keyway","9":"product_tag-lf-4","10":"product_tag-lf4","11":"product_tag-milling","12":"pa_luogo-india","14":"first","15":"instock","16":"shipping-taxable","17":"product-type-simple"},"_links":{"self":[{"href":"https:\/\/www.laxmiusedmachine.com\/de\/wp-json\/wp\/v2\/product\/6159","targetHints":{"allow":["GET"]}}],"collection":[{"href":"https:\/\/www.laxmiusedmachine.com\/de\/wp-json\/wp\/v2\/product"}],"about":[{"href":"https:\/\/www.laxmiusedmachine.com\/de\/wp-json\/wp\/v2\/types\/product"}],"replies":[{"embeddable":true,"href":"https:\/\/www.laxmiusedmachine.com\/de\/wp-json\/wp\/v2\/comments?post=6159"}],"wp:featuredmedia":[{"embeddable":true,"href":"https:\/\/www.laxmiusedmachine.com\/de\/wp-json\/wp\/v2\/media\/6162"}],"wp:attachment":[{"href":"https:\/\/www.laxmiusedmachine.com\/de\/wp-json\/wp\/v2\/media?parent=6159"}],"wp:term":[{"taxonomy":"product_brand","embeddable":true,"href":"https:\/\/www.laxmiusedmachine.com\/de\/wp-json\/wp\/v2\/product_brand?post=6159"},{"taxonomy":"product_cat","embeddable":true,"href":"https:\/\/www.laxmiusedmachine.com\/de\/wp-json\/wp\/v2\/product_cat?post=6159"},{"taxonomy":"product_tag","embeddable":true,"href":"https:\/\/www.laxmiusedmachine.com\/de\/wp-json\/wp\/v2\/product_tag?post=6159"}],"curies":[{"name":"wp","href":"https:\/\/api.w.org\/{rel}","templated":true}]}}