{"id":6053,"date":"2023-05-22T15:53:10","date_gmt":"2023-05-22T15:53:10","guid":{"rendered":"https:\/\/www.laxmiusedmachine.com\/?post_type=product&#038;p=6053"},"modified":"2024-06-17T06:44:51","modified_gmt":"2024-06-17T06:44:51","slug":"thread-grinder-reishauer-nrk-n2-copy","status":"publish","type":"product","link":"https:\/\/www.laxmiusedmachine.com\/de\/prodotto\/thread-grinder-reishauer-nrk-n2-copy\/","title":{"rendered":"GEWINDESCHLEIFER, REISHAUER \u2013 NRK [Nr. 2]"},"content":{"rendered":"<div id=\"fws_69e04e59092b5\"  data-column-margin=\"default\" data-midnight=\"dark\"  class=\"wpb_row vc_row-fluid vc_row\"  style=\"padding-top: 0px; padding-bottom: 0px; \"><div class=\"row-bg-wrap\" data-bg-animation=\"none\" data-bg-animation-delay=\"\" data-bg-overlay=\"false\"><div class=\"inner-wrap row-bg-layer\" ><div class=\"row-bg viewport-desktop\"  style=\"\"><\/div><\/div><\/div><div class=\"row_col_wrap_12 col span_12 dark left\">\n\t<div  class=\"vc_col-sm-4 wpb_column column_container vc_column_container col no-extra-padding inherit_tablet inherit_phone\"  data-padding-pos=\"all\" data-has-bg-color=\"false\" data-bg-color=\"\" data-bg-opacity=\"1\" data-animation=\"\" data-delay=\"0\" >\n\t\t<div class=\"vc_column-inner\" >\n\t\t\t<div class=\"wpb_wrapper\">\n\t\t\t\t\n\t\t\t<\/div> \n\t\t<\/div>\n\t<\/div> \n\n\t<div  class=\"vc_col-sm-4 wpb_column column_container vc_column_container col no-extra-padding inherit_tablet inherit_phone\"  data-padding-pos=\"all\" data-has-bg-color=\"false\" data-bg-color=\"\" data-bg-opacity=\"1\" data-animation=\"\" data-delay=\"0\" >\n\t\t<div class=\"vc_column-inner\" >\n\t\t\t<div class=\"wpb_wrapper\">\n\t\t\t\t<div class=\"nectar-fancy-ul\" data-list-icon=\"linecon-icon-settings\" data-animation=\"false\" data-animation-delay=\"0\" data-color=\"accent-color\" data-spacing=\"default\" data-alignment=\"left\"> \n<p class=\"p1\" style=\"text-align: center;\"><b>Fadenm\u00fchle, Reishauser \u2013 NRK<\/b><\/p>\n<p class=\"p1\" style=\"text-align: center;\"><b>Hersteller: Reishauer<\/b><\/p>\n<p class=\"p1\" style=\"text-align: center;\"><b>Modell: NRK<\/b><\/p>\n<ul style=\"text-align: center;\">\n<li class=\"p1\"><b>Maximale Schleifl\u00e4nge:<\/b> 450 mm<\/li>\n<li class=\"p1\"><b>Maximale Klemml\u00e4nge: <\/b>700 mm<\/li>\n<li class=\"p1\"><b>Gewindedurchmesser:<\/b> 3\u2013200 mm<\/li>\n<li class=\"p1\"><b>Gewindesteigung:<\/b> 0,40\u201380 mm<\/li>\n<li class=\"p1\"><b>Maximaler Neigungswinkel: <\/b>-25\u00ba \/ +25\u00ba<\/li>\n<li class=\"p1\"><b>Schleifscheibendurchmesser:<\/b> 275-350 mm<\/li>\n<li class=\"p1\"><b>Schleifscheibenbreite:<\/b> 8-40 mm<\/li>\n<li class=\"p1\"><b>Schleifscheibenbohrung:<\/b> 160 mm<\/li>\n<li class=\"p1\"><b>Drehzahl der Schleifscheibe: <\/b>1550-1900 U\/min<\/li>\n<li class=\"p1\"><b>Spannung \u2013 Frequenz: <\/b>380 V, 50 Hz<\/li>\n<li class=\"p1\"><b>Abmessungen:<\/b> 2600 x 1800 x 1600 mm<\/li>\n<li class=\"p1\"><b>Gewicht ca.:<\/b> 3500 kg<\/li>\n<\/ul>\n<p style=\"text-align: center;\"><b>Andere Information:<\/b><\/p>\n<p class=\"p1\" style=\"text-align: center;\">Die Maschine ist in einwandfreiem Zustand und vollst\u00e4ndig mit allen Teilen und Zubeh\u00f6r.<\/p>\n <\/div>\n\t\t\t<\/div> \n\t\t<\/div>\n\t<\/div> \n\n\t<div  class=\"vc_col-sm-4 wpb_column column_container vc_column_container col no-extra-padding inherit_tablet inherit_phone\"  data-padding-pos=\"all\" data-has-bg-color=\"false\" data-bg-color=\"\" data-bg-opacity=\"1\" data-animation=\"\" data-delay=\"0\" >\n\t\t<div class=\"vc_column-inner\" >\n\t\t\t<div class=\"wpb_wrapper\">\n\t\t\t\t\n\t\t\t<\/div> \n\t\t<\/div>\n\t<\/div> \n<\/div><\/div>","protected":false},"excerpt":{"rendered":"<p>Hier ist unsere <strong>GEWINDESCHLEIFER<\/strong>, Es befindet sich in einwandfreiem Zustand.,<\/p>\n<p>F\u00fcr Ausk\u00fcnfte stehen wir Ihnen jederzeit gerne zur Verf\u00fcgung.<\/p>","protected":false},"featured_media":6054,"comment_status":"closed","ping_status":"closed","template":"","meta":[],"product_brand":[],"product_cat":[464],"product_tag":[104,824,239,59,825],"class_list":{"0":"post-6053","1":"product","2":"type-product","3":"status-publish","4":"has-post-thumbnail","6":"product_cat-thread-and-worm-grinding-machines","7":"product_tag-grinder","8":"product_tag-nrk","9":"product_tag-reishauer","10":"product_tag-thread","11":"product_tag-thread-grinding","12":"pa_luogo-india","14":"first","15":"instock","16":"shipping-taxable","17":"product-type-simple"},"_links":{"self":[{"href":"https:\/\/www.laxmiusedmachine.com\/de\/wp-json\/wp\/v2\/product\/6053","targetHints":{"allow":["GET"]}}],"collection":[{"href":"https:\/\/www.laxmiusedmachine.com\/de\/wp-json\/wp\/v2\/product"}],"about":[{"href":"https:\/\/www.laxmiusedmachine.com\/de\/wp-json\/wp\/v2\/types\/product"}],"replies":[{"embeddable":true,"href":"https:\/\/www.laxmiusedmachine.com\/de\/wp-json\/wp\/v2\/comments?post=6053"}],"wp:featuredmedia":[{"embeddable":true,"href":"https:\/\/www.laxmiusedmachine.com\/de\/wp-json\/wp\/v2\/media\/6054"}],"wp:attachment":[{"href":"https:\/\/www.laxmiusedmachine.com\/de\/wp-json\/wp\/v2\/media?parent=6053"}],"wp:term":[{"taxonomy":"product_brand","embeddable":true,"href":"https:\/\/www.laxmiusedmachine.com\/de\/wp-json\/wp\/v2\/product_brand?post=6053"},{"taxonomy":"product_cat","embeddable":true,"href":"https:\/\/www.laxmiusedmachine.com\/de\/wp-json\/wp\/v2\/product_cat?post=6053"},{"taxonomy":"product_tag","embeddable":true,"href":"https:\/\/www.laxmiusedmachine.com\/de\/wp-json\/wp\/v2\/product_tag?post=6053"}],"curies":[{"name":"wp","href":"https:\/\/api.w.org\/{rel}","templated":true}]}}