{"id":5528,"date":"2023-04-13T15:44:32","date_gmt":"2023-04-13T15:44:32","guid":{"rendered":"https:\/\/www.laxmiusedmachine.com\/?post_type=product&#038;p=5528"},"modified":"2024-01-19T15:15:11","modified_gmt":"2024-01-19T15:15:11","slug":"mntr-milling-machine-parpas-fva","status":"publish","type":"product","link":"https:\/\/www.laxmiusedmachine.com\/de\/prodotto\/mntr-milling-machine-parpas-fva\/","title":{"rendered":"MNTR FR\u00c4SMASCHINE, PARPAS \u2013 FVA"},"content":{"rendered":"<div id=\"fws_69de19c1c72ec\"  data-column-margin=\"default\" data-midnight=\"dark\"  class=\"wpb_row vc_row-fluid vc_row\"  style=\"padding-top: 0px; padding-bottom: 0px; \"><div class=\"row-bg-wrap\" data-bg-animation=\"none\" data-bg-animation-delay=\"\" data-bg-overlay=\"false\"><div class=\"inner-wrap row-bg-layer\" ><div class=\"row-bg viewport-desktop\"  style=\"\"><\/div><\/div><\/div><div class=\"row_col_wrap_12 col span_12 dark left\">\n\t<div  class=\"vc_col-sm-4 wpb_column column_container vc_column_container col no-extra-padding inherit_tablet inherit_phone\"  data-padding-pos=\"all\" data-has-bg-color=\"false\" data-bg-color=\"\" data-bg-opacity=\"1\" data-animation=\"\" data-delay=\"0\" >\n\t\t<div class=\"vc_column-inner\" >\n\t\t\t<div class=\"wpb_wrapper\">\n\t\t\t\t\n\t\t\t<\/div> \n\t\t<\/div>\n\t<\/div> \n\n\t<div  class=\"vc_col-sm-4 wpb_column column_container vc_column_container col no-extra-padding inherit_tablet inherit_phone\"  data-padding-pos=\"all\" data-has-bg-color=\"false\" data-bg-color=\"\" data-bg-opacity=\"1\" data-animation=\"\" data-delay=\"0\" >\n\t\t<div class=\"vc_column-inner\" >\n\t\t\t<div class=\"wpb_wrapper\">\n\t\t\t\t<div class=\"nectar-fancy-ul\" data-list-icon=\"linecon-icon-settings\" data-animation=\"false\" data-animation-delay=\"0\" data-color=\"accent-color\" data-spacing=\"default\" data-alignment=\"left\"> \n<p class=\"p1\" style=\"text-align: center;\"><b>MNTR FR\u00c4SMASCHINE PARPAS \u2013 FVA<\/b><\/p>\n<p class=\"p1\" style=\"text-align: center;\"><b>Machen:<\/b> Parpas<\/p>\n<p class=\"p1\" style=\"text-align: center;\"><b>Modell:<\/b> FVA<\/p>\n<ul>\n<li class=\"p1\" style=\"text-align: center;\"><b>Tischgr\u00f6\u00dfe:<\/b> 1300\u00d7300 mm<\/li>\n<li class=\"p1\" style=\"text-align: center;\"><b>L\u00e4ngsachsentischverschiebung:<\/b> 950 mm<\/li>\n<li class=\"p1\" style=\"text-align: center;\"><b>Verschiebung des Querachsentisches:<\/b> 360 mm<\/li>\n<li class=\"p1\" style=\"text-align: center;\"><b>Verschiebung des Vertikalachsentisches:<\/b> 460 mm<\/li>\n<\/ul>\n<p class=\"p2\" style=\"text-align: center;\"><b>Andere Information:<\/b><\/p>\n<p class=\"p2\" style=\"text-align: center;\">DIE MASCHINE BEFINDET SICH IN EINEM AUSGEZEICHNETEN ZUSTAND UND IST VOLLST\u00c4NDIG IN ALLEN TEILEN UND ZUBEH\u00d6RTEILEN.<\/p>\n <\/div>\n\t\t\t<\/div> \n\t\t<\/div>\n\t<\/div> \n\n\t<div  class=\"vc_col-sm-4 wpb_column column_container vc_column_container col no-extra-padding inherit_tablet inherit_phone\"  data-padding-pos=\"all\" data-has-bg-color=\"false\" data-bg-color=\"\" data-bg-opacity=\"1\" data-animation=\"\" data-delay=\"0\" >\n\t\t<div class=\"vc_column-inner\" >\n\t\t\t<div class=\"wpb_wrapper\">\n\t\t\t\t\n\t\t\t<\/div> \n\t\t<\/div>\n\t<\/div> \n<\/div><\/div>","protected":false},"excerpt":{"rendered":"<p>Hier ist unsere <strong>MNTR Fr\u00e4smaschine,\u00a0<\/strong>Es ist in allen seinen Teilen vollst\u00e4ndig.<\/p>\n<p>F\u00fcr weitere Ausk\u00fcnfte stehen wir Ihnen jederzeit gerne zur Verf\u00fcgung.<\/p>","protected":false},"featured_media":5530,"comment_status":"closed","ping_status":"closed","template":"","meta":[],"product_brand":[],"product_cat":[45],"product_tag":[794,98,280,787,793],"class_list":{"0":"post-5528","1":"product","2":"type-product","3":"status-publish","4":"has-post-thumbnail","6":"product_cat-universal-milling-machines","7":"product_tag-fva","8":"product_tag-milling","9":"product_tag-milling-machine","10":"product_tag-mntr","11":"product_tag-parpas","13":"first","14":"instock","15":"shipping-taxable","16":"product-type-simple"},"_links":{"self":[{"href":"https:\/\/www.laxmiusedmachine.com\/de\/wp-json\/wp\/v2\/product\/5528","targetHints":{"allow":["GET"]}}],"collection":[{"href":"https:\/\/www.laxmiusedmachine.com\/de\/wp-json\/wp\/v2\/product"}],"about":[{"href":"https:\/\/www.laxmiusedmachine.com\/de\/wp-json\/wp\/v2\/types\/product"}],"replies":[{"embeddable":true,"href":"https:\/\/www.laxmiusedmachine.com\/de\/wp-json\/wp\/v2\/comments?post=5528"}],"wp:featuredmedia":[{"embeddable":true,"href":"https:\/\/www.laxmiusedmachine.com\/de\/wp-json\/wp\/v2\/media\/5530"}],"wp:attachment":[{"href":"https:\/\/www.laxmiusedmachine.com\/de\/wp-json\/wp\/v2\/media?parent=5528"}],"wp:term":[{"taxonomy":"product_brand","embeddable":true,"href":"https:\/\/www.laxmiusedmachine.com\/de\/wp-json\/wp\/v2\/product_brand?post=5528"},{"taxonomy":"product_cat","embeddable":true,"href":"https:\/\/www.laxmiusedmachine.com\/de\/wp-json\/wp\/v2\/product_cat?post=5528"},{"taxonomy":"product_tag","embeddable":true,"href":"https:\/\/www.laxmiusedmachine.com\/de\/wp-json\/wp\/v2\/product_tag?post=5528"}],"curies":[{"name":"wp","href":"https:\/\/api.w.org\/{rel}","templated":true}]}}