{"id":4168,"date":"2022-09-28T21:33:14","date_gmt":"2022-09-28T21:33:14","guid":{"rendered":"https:\/\/www.laxmiusedmachine.com\/?post_type=product&#038;p=4168"},"modified":"2023-12-19T15:16:36","modified_gmt":"2023-12-19T15:16:36","slug":"horizontal-machining-center-okk-hm4","status":"publish","type":"product","link":"https:\/\/www.laxmiusedmachine.com\/de\/prodotto\/horizontal-machining-center-okk-hm4\/","title":{"rendered":"HORIZONTALBEARBEITUNGSZENTRE, OKK - HM4"},"content":{"rendered":"<div id=\"fws_6a09db54da72a\"  data-column-margin=\"default\" data-midnight=\"dark\"  class=\"wpb_row vc_row-fluid vc_row\"  style=\"padding-top: 0px; padding-bottom: 0px; \"><div class=\"row-bg-wrap\" data-bg-animation=\"none\" data-bg-animation-delay=\"\" data-bg-overlay=\"false\"><div class=\"inner-wrap row-bg-layer\" ><div class=\"row-bg viewport-desktop\"  style=\"\"><\/div><\/div><\/div><div class=\"row_col_wrap_12 col span_12 dark left\">\n\t<div  class=\"vc_col-sm-4 wpb_column column_container vc_column_container col no-extra-padding inherit_tablet inherit_phone\"  data-padding-pos=\"all\" data-has-bg-color=\"false\" data-bg-color=\"\" data-bg-opacity=\"1\" data-animation=\"\" data-delay=\"0\" >\n\t\t<div class=\"vc_column-inner\" >\n\t\t\t<div class=\"wpb_wrapper\">\n\t\t\t\t\n\t\t\t<\/div> \n\t\t<\/div>\n\t<\/div> \n\n\t<div  class=\"vc_col-sm-4 wpb_column column_container vc_column_container col no-extra-padding inherit_tablet inherit_phone\"  data-padding-pos=\"all\" data-has-bg-color=\"false\" data-bg-color=\"\" data-bg-opacity=\"1\" data-animation=\"\" data-delay=\"0\" >\n\t\t<div class=\"vc_column-inner\" >\n\t\t\t<div class=\"wpb_wrapper\">\n\t\t\t\t<div class=\"nectar-fancy-ul\" data-list-icon=\"linecon-icon-settings\" data-animation=\"false\" data-animation-delay=\"0\" data-color=\"accent-color\" data-spacing=\"default\" data-alignment=\"left\"> \n<p style=\"text-align: center;\"><b>HORIZONTALE BEARBEITUNGSZENTRUM<\/b><\/p>\n<ul>\n<li style=\"text-align: center;\"><b>Machen:<\/b> OKK<\/li>\n<li style=\"text-align: center;\"><b>Modell:<\/b> HM4<\/li>\n<li style=\"text-align: center;\"><b>Jahr der Herstellung<\/b>: 2000<\/li>\n<li style=\"text-align: center;\"><b>CNC<\/b>: FANUC 21 iMB<\/li>\n<li style=\"text-align: center;\"><b>Doppel-Palette<\/b>: 400\u00d7400 mm<\/li>\n<li style=\"text-align: center;\"><b>X-Reisen<\/b>: 560 mm<\/li>\n<li style=\"text-align: center;\"><b>Y-Reisen<\/b>: 510 mm<\/li>\n<li style=\"text-align: center;\"><b>Z-Reisen<\/b>: 560 mm<\/li>\n<li style=\"text-align: center;\"><b>Spindeldrehzahl<\/b>: 10000 U\/min<\/li>\n<li style=\"text-align: center;\"><b>Spindelmotor<\/b>: 22 KW<\/li>\n<li style=\"text-align: center;\"><b>60 Werkzeuge Magazin<\/b><\/li>\n<li style=\"text-align: center;\"><b>Hochdruck-Trogspindel<\/b><\/li>\n<\/ul>\n<p style=\"text-align: center;\"><strong>Andere Informationen:<\/strong><\/p>\n<p style=\"text-align: center;\">Die Maschine ist in ausgezeichnetem Zustand und vollst\u00e4ndig mit allen Teilen und Zubeh\u00f6rteilen, einschlie\u00dflich:<\/p>\n<ul>\n<li style=\"text-align: center;\"><b>Sp\u00e4nef\u00f6rderer<\/b><\/li>\n<\/ul>\n <\/div>\n\t\t\t<\/div> \n\t\t<\/div>\n\t<\/div> \n\n\t<div  class=\"vc_col-sm-4 wpb_column column_container vc_column_container col no-extra-padding inherit_tablet inherit_phone\"  data-padding-pos=\"all\" data-has-bg-color=\"false\" data-bg-color=\"\" data-bg-opacity=\"1\" data-animation=\"\" data-delay=\"0\" >\n\t\t<div class=\"vc_column-inner\" >\n\t\t\t<div class=\"wpb_wrapper\">\n\t\t\t\t\n\t\t\t<\/div> \n\t\t<\/div>\n\t<\/div> \n<\/div><\/div>","protected":false},"excerpt":{"rendered":"<p class=\"translation-block\">Hier ist unser <b>HORIZONTALE BEARBEITUNGSZENTRUM<\/b><\/p>\n<p>Es ist in ausgezeichnetem Zustand, f\u00fcr weitere Informationen stehen wir Ihnen gerne zur Verf\u00fcgung.<\/p>\n<p>&nbsp;<\/p>\n<p>https:\/\/www.youtube.com\/watch?v=mAUOQr1fT9w<\/p>\n<p>&nbsp;<\/p>\n<p>&nbsp;<\/p>","protected":false},"featured_media":9162,"comment_status":"closed","ping_status":"closed","template":"","meta":[],"product_brand":[],"product_cat":[42],"product_tag":[524,744,741],"class_list":{"0":"post-4168","1":"product","2":"type-product","3":"status-publish","4":"has-post-thumbnail","6":"product_cat-vertical-horizontal-machining-centers","7":"product_tag-hmc","8":"product_tag-horizontal-machining-center","9":"product_tag-okk","10":"pa_luogo-india","12":"first","13":"instock","14":"shipping-taxable","15":"product-type-simple"},"_links":{"self":[{"href":"https:\/\/www.laxmiusedmachine.com\/de\/wp-json\/wp\/v2\/product\/4168","targetHints":{"allow":["GET"]}}],"collection":[{"href":"https:\/\/www.laxmiusedmachine.com\/de\/wp-json\/wp\/v2\/product"}],"about":[{"href":"https:\/\/www.laxmiusedmachine.com\/de\/wp-json\/wp\/v2\/types\/product"}],"replies":[{"embeddable":true,"href":"https:\/\/www.laxmiusedmachine.com\/de\/wp-json\/wp\/v2\/comments?post=4168"}],"wp:featuredmedia":[{"embeddable":true,"href":"https:\/\/www.laxmiusedmachine.com\/de\/wp-json\/wp\/v2\/media\/9162"}],"wp:attachment":[{"href":"https:\/\/www.laxmiusedmachine.com\/de\/wp-json\/wp\/v2\/media?parent=4168"}],"wp:term":[{"taxonomy":"product_brand","embeddable":true,"href":"https:\/\/www.laxmiusedmachine.com\/de\/wp-json\/wp\/v2\/product_brand?post=4168"},{"taxonomy":"product_cat","embeddable":true,"href":"https:\/\/www.laxmiusedmachine.com\/de\/wp-json\/wp\/v2\/product_cat?post=4168"},{"taxonomy":"product_tag","embeddable":true,"href":"https:\/\/www.laxmiusedmachine.com\/de\/wp-json\/wp\/v2\/product_tag?post=4168"}],"curies":[{"name":"wp","href":"https:\/\/api.w.org\/{rel}","templated":true}]}}