{"id":2731,"date":"2021-10-18T21:00:58","date_gmt":"2021-10-18T21:00:58","guid":{"rendered":"https:\/\/www.laxmiusedmachine.com\/?post_type=product&#038;p=2731"},"modified":"2023-07-12T08:46:08","modified_gmt":"2023-07-12T08:46:08","slug":"gear-shaper-stankoimport-5m150-200-mm-stroke","status":"publish","type":"product","link":"https:\/\/www.laxmiusedmachine.com\/de\/prodotto\/gear-shaper-stankoimport-5m150-200-mm-stroke\/","title":{"rendered":"ZAHNRADSTOSSMASCHINE, STANKOIMPORT \u2013 5M150 \u2013 200 mm Hub"},"content":{"rendered":"<div id=\"fws_69e74d061c296\"  data-column-margin=\"default\" data-midnight=\"dark\"  class=\"wpb_row vc_row-fluid vc_row\"  style=\"padding-top: 0px; padding-bottom: 0px; \"><div class=\"row-bg-wrap\" data-bg-animation=\"none\" data-bg-animation-delay=\"\" data-bg-overlay=\"false\"><div class=\"inner-wrap row-bg-layer\" ><div class=\"row-bg viewport-desktop\"  style=\"\"><\/div><\/div><\/div><div class=\"row_col_wrap_12 col span_12 dark left\">\n\t<div  class=\"vc_col-sm-4 wpb_column column_container vc_column_container col no-extra-padding inherit_tablet inherit_phone\"  data-padding-pos=\"all\" data-has-bg-color=\"false\" data-bg-color=\"\" data-bg-opacity=\"1\" data-animation=\"\" data-delay=\"0\" >\n\t\t<div class=\"vc_column-inner\" >\n\t\t\t<div class=\"wpb_wrapper\">\n\t\t\t\t\n\t\t\t<\/div> \n\t\t<\/div>\n\t<\/div> \n\n\t<div  class=\"vc_col-sm-4 wpb_column column_container vc_column_container col no-extra-padding inherit_tablet inherit_phone\"  data-padding-pos=\"all\" data-has-bg-color=\"false\" data-bg-color=\"\" data-bg-opacity=\"1\" data-animation=\"\" data-delay=\"0\" >\n\t\t<div class=\"vc_column-inner\" >\n\t\t\t<div class=\"wpb_wrapper\">\n\t\t\t\t<div class=\"nectar-fancy-ul\" data-list-icon=\"icon-salient-thin-line\" data-animation=\"false\" data-animation-delay=\"0\" data-color=\"accent-color\" data-spacing=\"default\" data-alignment=\"left\"> \n<p style=\"text-align: center;\"><em><b>ZAHNRADSTOSSMASCHINE<\/b><\/em><\/p>\n<p style=\"text-align: center;\"><em><b>Marke: STANKOIMPORT<\/b><\/em><\/p>\n<p style=\"text-align: center;\"><em><b>Modell: 5M150<\/b><\/em><\/p>\n<ul style=\"text-align: center;\">\n<li><b><\/b>Tischgr\u00f6\u00dfe: 800 mm<\/li>\n<li>max. Hub\/Vertikalweg: 200 mm<\/li>\n<li>max. Zahnraddurchmesser: 1000 mm<\/li>\n<li>max. Modul: 12<\/li>\n<\/ul>\n<p style=\"text-align: center;\"><i>DIE MASCHINE IST IN ALLEN TEILEN VOLLST\u00c4NDIG, STD. ZUBEH\u00d6R und HANDB\u00dcCHER.<\/i><\/p>\n <\/div>\n\t\t\t<\/div> \n\t\t<\/div>\n\t<\/div> \n\n\t<div  class=\"vc_col-sm-4 wpb_column column_container vc_column_container col no-extra-padding inherit_tablet inherit_phone\"  data-padding-pos=\"all\" data-has-bg-color=\"false\" data-bg-color=\"\" data-bg-opacity=\"1\" data-animation=\"\" data-delay=\"0\" >\n\t\t<div class=\"vc_column-inner\" >\n\t\t\t<div class=\"wpb_wrapper\">\n\t\t\t\t\n\t\t\t<\/div> \n\t\t<\/div>\n\t<\/div> \n<\/div><\/div>","protected":false},"excerpt":{"rendered":"<p>Hier ist unsere ZAHNRADSTOSSMASCHINE<b>,<\/b><\/p>\n<p>Es ist in ausgezeichnetem Zustand, f\u00fcr weitere Informationen stehen wir Ihnen gerne zur Verf\u00fcgung.<\/p>","protected":false},"featured_media":2969,"comment_status":"closed","ping_status":"closed","template":"","meta":[],"product_brand":[],"product_cat":[25],"product_tag":[169,167,603],"class_list":{"0":"post-2731","1":"product","2":"type-product","3":"status-publish","4":"has-post-thumbnail","6":"product_cat-gear-shaping-machines","7":"product_tag-dentatrice-a-coltello","8":"product_tag-gear-shaper","9":"product_tag-gear-shaper-stankoimport-5m150","10":"pa_luogo-india","12":"first","13":"instock","14":"shipping-taxable","15":"product-type-simple"},"_links":{"self":[{"href":"https:\/\/www.laxmiusedmachine.com\/de\/wp-json\/wp\/v2\/product\/2731","targetHints":{"allow":["GET"]}}],"collection":[{"href":"https:\/\/www.laxmiusedmachine.com\/de\/wp-json\/wp\/v2\/product"}],"about":[{"href":"https:\/\/www.laxmiusedmachine.com\/de\/wp-json\/wp\/v2\/types\/product"}],"replies":[{"embeddable":true,"href":"https:\/\/www.laxmiusedmachine.com\/de\/wp-json\/wp\/v2\/comments?post=2731"}],"wp:featuredmedia":[{"embeddable":true,"href":"https:\/\/www.laxmiusedmachine.com\/de\/wp-json\/wp\/v2\/media\/2969"}],"wp:attachment":[{"href":"https:\/\/www.laxmiusedmachine.com\/de\/wp-json\/wp\/v2\/media?parent=2731"}],"wp:term":[{"taxonomy":"product_brand","embeddable":true,"href":"https:\/\/www.laxmiusedmachine.com\/de\/wp-json\/wp\/v2\/product_brand?post=2731"},{"taxonomy":"product_cat","embeddable":true,"href":"https:\/\/www.laxmiusedmachine.com\/de\/wp-json\/wp\/v2\/product_cat?post=2731"},{"taxonomy":"product_tag","embeddable":true,"href":"https:\/\/www.laxmiusedmachine.com\/de\/wp-json\/wp\/v2\/product_tag?post=2731"}],"curies":[{"name":"wp","href":"https:\/\/api.w.org\/{rel}","templated":true}]}}