{"id":2159,"date":"2021-05-17T13:48:20","date_gmt":"2021-05-17T13:48:20","guid":{"rendered":"https:\/\/www.laxmiusedmachine.com\/?post_type=product&#038;p=2159"},"modified":"2023-07-12T09:47:55","modified_gmt":"2023-07-12T09:47:55","slug":"gear-hobbing-stanko-komsomolec-53a11","status":"publish","type":"product","link":"https:\/\/www.laxmiusedmachine.com\/de\/prodotto\/gear-hobbing-stanko-komsomolec-53a11\/","title":{"rendered":"ZAHNRAD-ABW\u00c4LZFR\u00c4SMASCHINE, STANKO (KOMSOMOLEC) \u2013 53A11"},"content":{"rendered":"<div id=\"fws_6a09bf70f34d1\"  data-column-margin=\"default\" data-midnight=\"dark\"  class=\"wpb_row vc_row-fluid vc_row\"  style=\"padding-top: 0px; padding-bottom: 0px; \"><div class=\"row-bg-wrap\" data-bg-animation=\"none\" data-bg-animation-delay=\"\" data-bg-overlay=\"false\"><div class=\"inner-wrap row-bg-layer\" ><div class=\"row-bg viewport-desktop\"  style=\"\"><\/div><\/div><\/div><div class=\"row_col_wrap_12 col span_12 dark left\">\n\t<div  class=\"vc_col-sm-4 wpb_column column_container vc_column_container col no-extra-padding inherit_tablet inherit_phone\"  data-padding-pos=\"all\" data-has-bg-color=\"false\" data-bg-color=\"\" data-bg-opacity=\"1\" data-animation=\"\" data-delay=\"0\" >\n\t\t<div class=\"vc_column-inner\" >\n\t\t\t<div class=\"wpb_wrapper\">\n\t\t\t\t\n\t\t\t<\/div> \n\t\t<\/div>\n\t<\/div> \n\n\t<div  class=\"vc_col-sm-4 wpb_column column_container vc_column_container col no-extra-padding inherit_tablet inherit_phone\"  data-padding-pos=\"all\" data-has-bg-color=\"false\" data-bg-color=\"\" data-bg-opacity=\"1\" data-animation=\"\" data-delay=\"0\" >\n\t\t<div class=\"vc_column-inner\" >\n\t\t\t<div class=\"wpb_wrapper\">\n\t\t\t\t<div class=\"nectar-fancy-ul\" data-list-icon=\"linecon-icon-settings\" data-animation=\"false\" data-animation-delay=\"0\" data-color=\"accent-color\" data-spacing=\"default\" data-alignment=\"left\"> \n<div class=\"page\" title=\"Seite 1\">\n<div class=\"section\">\n<div class=\"layoutArea\">\n<div class=\"column\">\n<p style=\"text-align: center;\"><em><strong>ZAHNRAD-ABW\u00c4LZFR\u00c4SMASCHINE <\/strong><\/em><\/p>\n<p style=\"text-align: center;\"><em><strong>Marke : STANKO (KOMSOMOLEC) (Russland) <\/strong><\/em><\/p>\n<p style=\"text-align: center;\"><em><strong>Modell: 53A11<\/strong><\/em><\/p>\n<ul>\n<li style=\"text-align: center;\">max. Getriebedurchmesser: 1500 mm<\/li>\n<li style=\"text-align: center;\">max. Modul: 18<\/li>\n<li style=\"text-align: center;\">Tischdurchmesser: 1000 mm<\/li>\n<li style=\"text-align: center;\">Kopfneigung: +\/- 45\u00b0.<\/li>\n<\/ul>\n<p style=\"text-align: center;\">DIE MASCHINE IST VOLLST\u00c4NDIG IN ALLEN TEILEN UND ZUBEH\u00d6R (WECHSELZAHNR\u00c4DER und HAKEN)<\/p>\n<\/div>\n<\/div>\n<\/div>\n<\/div>\n <\/div>\n\t\t\t<\/div> \n\t\t<\/div>\n\t<\/div> \n\n\t<div  class=\"vc_col-sm-4 wpb_column column_container vc_column_container col no-extra-padding inherit_tablet inherit_phone\"  data-padding-pos=\"all\" data-has-bg-color=\"false\" data-bg-color=\"\" data-bg-opacity=\"1\" data-animation=\"\" data-delay=\"0\" >\n\t\t<div class=\"vc_column-inner\" >\n\t\t\t<div class=\"wpb_wrapper\">\n\t\t\t\t\n\t\t\t<\/div> \n\t\t<\/div>\n\t<\/div> \n<\/div><\/div>","protected":false},"excerpt":{"rendered":"<p>Hier ist unsere <strong>ZAHNRAD-ABW\u00c4LZFR\u00c4SMASCHINE<\/strong><\/p>\n<p>Es ist in ausgezeichnetem Zustand, f\u00fcr weitere Informationen stehen wir Ihnen gerne zur Verf\u00fcgung.<\/p>","protected":false},"featured_media":2164,"comment_status":"closed","ping_status":"closed","template":"","meta":[],"product_brand":[],"product_cat":[18],"product_tag":[536,539,232,538,537],"class_list":{"0":"post-2159","1":"product","2":"type-product","3":"status-publish","4":"has-post-thumbnail","6":"product_cat-gear-hobbing-machines","7":"product_tag-53a11","8":"product_tag-dentatrice-a-creatore","9":"product_tag-gear-hobbing","10":"product_tag-komsomolec","11":"product_tag-russian-gear-hobbing","12":"pa_luogo-italia","14":"first","15":"instock","16":"shipping-taxable","17":"product-type-simple"},"_links":{"self":[{"href":"https:\/\/www.laxmiusedmachine.com\/de\/wp-json\/wp\/v2\/product\/2159","targetHints":{"allow":["GET"]}}],"collection":[{"href":"https:\/\/www.laxmiusedmachine.com\/de\/wp-json\/wp\/v2\/product"}],"about":[{"href":"https:\/\/www.laxmiusedmachine.com\/de\/wp-json\/wp\/v2\/types\/product"}],"replies":[{"embeddable":true,"href":"https:\/\/www.laxmiusedmachine.com\/de\/wp-json\/wp\/v2\/comments?post=2159"}],"wp:featuredmedia":[{"embeddable":true,"href":"https:\/\/www.laxmiusedmachine.com\/de\/wp-json\/wp\/v2\/media\/2164"}],"wp:attachment":[{"href":"https:\/\/www.laxmiusedmachine.com\/de\/wp-json\/wp\/v2\/media?parent=2159"}],"wp:term":[{"taxonomy":"product_brand","embeddable":true,"href":"https:\/\/www.laxmiusedmachine.com\/de\/wp-json\/wp\/v2\/product_brand?post=2159"},{"taxonomy":"product_cat","embeddable":true,"href":"https:\/\/www.laxmiusedmachine.com\/de\/wp-json\/wp\/v2\/product_cat?post=2159"},{"taxonomy":"product_tag","embeddable":true,"href":"https:\/\/www.laxmiusedmachine.com\/de\/wp-json\/wp\/v2\/product_tag?post=2159"}],"curies":[{"name":"wp","href":"https:\/\/api.w.org\/{rel}","templated":true}]}}