{"id":12484,"date":"2025-09-25T12:09:43","date_gmt":"2025-09-25T12:09:43","guid":{"rendered":"https:\/\/www.laxmiusedmachine.com\/?post_type=product&#038;p=12484"},"modified":"2026-03-23T07:01:05","modified_gmt":"2026-03-23T07:01:05","slug":"gear-hobbing-cima-p4-au-1","status":"publish","type":"product","link":"https:\/\/www.laxmiusedmachine.com\/de\/prodotto\/gear-hobbing-cima-p4-au-1\/","title":{"rendered":"W\u00e4lzfr\u00e4sen, CIMA \u2013 P4 AU 1"},"content":{"rendered":"<div id=\"fws_69e058f0ee1ff\"  data-column-margin=\"default\" data-midnight=\"dark\"  class=\"wpb_row vc_row-fluid vc_row\"  style=\"padding-top: 0px; padding-bottom: 0px; \"><div class=\"row-bg-wrap\" data-bg-animation=\"none\" data-bg-animation-delay=\"\" data-bg-overlay=\"false\"><div class=\"inner-wrap row-bg-layer\" ><div class=\"row-bg viewport-desktop\"  style=\"\"><\/div><\/div><\/div><div class=\"row_col_wrap_12 col span_12 dark left\">\n\t<div  class=\"vc_col-sm-4 wpb_column column_container vc_column_container col no-extra-padding inherit_tablet inherit_phone\"  data-padding-pos=\"all\" data-has-bg-color=\"false\" data-bg-color=\"\" data-bg-opacity=\"1\" data-animation=\"\" data-delay=\"0\" >\n\t\t<div class=\"vc_column-inner\" >\n\t\t\t<div class=\"wpb_wrapper\">\n\t\t\t\t\n\t\t\t<\/div> \n\t\t<\/div>\n\t<\/div> \n\n\t<div  class=\"vc_col-sm-4 wpb_column column_container vc_column_container col no-extra-padding inherit_tablet inherit_phone\"  data-padding-pos=\"all\" data-has-bg-color=\"false\" data-bg-color=\"\" data-bg-opacity=\"1\" data-animation=\"\" data-delay=\"0\" >\n\t\t<div class=\"vc_column-inner\" >\n\t\t\t<div class=\"wpb_wrapper\">\n\t\t\t\t<div class=\"nectar-fancy-ul\" data-list-icon=\"linecon-icon-settings\" data-animation=\"false\" data-animation-delay=\"0\" data-color=\"accent-color\" data-spacing=\"default\" data-alignment=\"left\"> \n<div class=\"page\" title=\"Seite 1\">\n<div class=\"section\">\n<div class=\"layoutArea\">\n<div class=\"column\">\n<p style=\"text-align: center;\"><strong><em>ZAHNRAD-ABW\u00c4LZFR\u00c4SMASCHINE <\/em><\/strong><\/p>\n<p style=\"text-align: center;\"><em><strong>Fabrikat: CIMA <\/strong><\/em><\/p>\n<p style=\"text-align: center;\"><em><strong>Mod: P4AU<\/strong><\/em><\/p>\n<p style=\"text-align: center;\">ARBEITSKAPAZIT\u00c4T<br \/>\nGeradverzahnte Zahnr\u00e4der und geschlitzte Wellen<\/p>\n<ul>\n<li style=\"text-align: center;\">max. Zahnraddurchmesser: mm. 250<\/li>\n<li style=\"text-align: center;\">Mindest. Zahnraddurchmesser: mm. 0<\/li>\n<li style=\"text-align: center;\">max. Modul bis \u00d8 100: 6<\/li>\n<li style=\"text-align: center;\">max. Modul von \u00d8 100 bis 175: 5<\/li>\n<li style=\"text-align: center;\">max. Modul von \u00d8 175 bis 250: 4<\/li>\n<li style=\"text-align: center;\">max. Zahnradl\u00e4nge: mm. 220<\/li>\n<li style=\"text-align: center;\">Mindest. Anzahl Schneidr\u00e4der: 4<\/li>\n<li style=\"text-align: center;\">max. Anzahl Schneidr\u00e4der: 272<\/li>\n<\/ul>\n<p style=\"text-align: center;\"><em>SCHR\u00c4GZAHNR\u00c4DER<\/em><\/p>\n<ul>\n<li style=\"text-align: center;\">max. Neigung: 45\u00b0<br \/>\nZahnradbreite mit Kopfneigung:<\/li>\n<li style=\"text-align: center;\">0\u00b0\u00f725\u00b0: 220 mm.<\/li>\n<li style=\"text-align: center;\">30\u00b0: 215 mm.<\/li>\n<li style=\"text-align: center;\">35\u00b0: 210 mm.<\/li>\n<li style=\"text-align: center;\">40\u00b0: 208 mm.<\/li>\n<li style=\"text-align: center;\">45\u00b0: 124 mm.<\/li>\n<\/ul>\n<p style=\"text-align: center;\">SPEZIFIKATIONEN<\/p>\n<ul>\n<li style=\"text-align: center;\">Durchmesser x Breite, max. : 120 \u00d7 120 mm.<\/li>\n<li style=\"text-align: center;\">max. Kochfeldbewegung (Shifting): 75 mm.<\/li>\n<li style=\"text-align: center;\">Durchmesser des Werkst\u00fcckhaltetisches: 250 mm.<\/li>\n<li style=\"text-align: center;\">Raddurchmesser: 358 mm.<\/li>\n<li style=\"text-align: center;\">Kochfeldgeschwindigkeit: nr. 16<\/li>\n<li style=\"text-align: center;\">Kochfelddrehzahl: 70-95-98-119-130-140-143-160-190-197-238-260-286-320-394-476<\/li>\n<li style=\"text-align: center;\">W\u00e4lzfr\u00e4ser-Halterschlitten f\u00fcr vertikale Beschickung f\u00fcr Tisch rund: 0,5-4 mm.<\/li>\n<li style=\"text-align: center;\">Horizontaler Vorschubst\u00fcckhalterschlitten f\u00fcr Tischrund: 0,1-5 mm.<\/li>\n<li style=\"text-align: center;\">Geschwindigkeit W\u00e4lzfr\u00e4serschlitten: 650 mm\/min.<\/li>\n<li style=\"text-align: center;\">Geschwindigkeit St\u00fcckhalterschlitten: 650 mm\/min.<\/li>\n<li style=\"text-align: center;\">1 Hauptmotor zwei Geschwindigkeiten: 5 kW (cv 7), 1500-3000 U\/min<\/li>\n<li style=\"text-align: center;\">1 Motor f\u00fcr Eilgang: 1,5 kW (cv 2), 3000 U\/min<\/li>\n<li style=\"text-align: center;\">1 Motorhydraulikgruppe: 1,1 kW (cv 1,5), 1500 U\/min<\/li>\n<li style=\"text-align: center;\">1 elektrische K\u00fchlmittelpumpe Typ eingetaucht: 0,25 kW (cv 0)<\/li>\n<li style=\"text-align: center;\">Gewicht der Maschine: 4000 kg.<\/li>\n<\/ul>\n<\/div>\n<\/div>\n<\/div>\n<\/div>\n <\/div>\n\t\t\t<\/div> \n\t\t<\/div>\n\t<\/div> \n\n\t<div  class=\"vc_col-sm-4 wpb_column column_container vc_column_container col no-extra-padding inherit_tablet inherit_phone\"  data-padding-pos=\"all\" data-has-bg-color=\"false\" data-bg-color=\"\" data-bg-opacity=\"1\" data-animation=\"\" data-delay=\"0\" >\n\t\t<div class=\"vc_column-inner\" >\n\t\t\t<div class=\"wpb_wrapper\">\n\t\t\t\t\n\t\t\t<\/div> \n\t\t<\/div>\n\t<\/div> \n<\/div><\/div>","protected":false},"excerpt":{"rendered":"<p>Hier ist unsere <strong>ZAHNRAD-ABW\u00c4LZFR\u00c4SMASCHINE<\/strong><\/p>\n<p>Es ist in ausgezeichnetem Zustand, f\u00fcr weitere Informationen stehen wir Ihnen gerne zur Verf\u00fcgung.<\/p>\n<p>&nbsp;<\/p>","protected":false},"featured_media":12485,"comment_status":"closed","ping_status":"closed","template":"","meta":[],"product_brand":[],"product_cat":[18],"product_tag":[180,335,232,233,478,479],"class_list":{"0":"post-12484","1":"product","2":"type-product","3":"status-publish","4":"has-post-thumbnail","6":"product_cat-gear-hobbing-machines","7":"product_tag-cima","8":"product_tag-dentatrice","9":"product_tag-gear-hobbing","10":"product_tag-hobbing","11":"product_tag-p4","12":"product_tag-p4-au","13":"pa_luogo-india","15":"first","16":"instock","17":"shipping-taxable","18":"product-type-simple"},"_links":{"self":[{"href":"https:\/\/www.laxmiusedmachine.com\/de\/wp-json\/wp\/v2\/product\/12484","targetHints":{"allow":["GET"]}}],"collection":[{"href":"https:\/\/www.laxmiusedmachine.com\/de\/wp-json\/wp\/v2\/product"}],"about":[{"href":"https:\/\/www.laxmiusedmachine.com\/de\/wp-json\/wp\/v2\/types\/product"}],"replies":[{"embeddable":true,"href":"https:\/\/www.laxmiusedmachine.com\/de\/wp-json\/wp\/v2\/comments?post=12484"}],"wp:featuredmedia":[{"embeddable":true,"href":"https:\/\/www.laxmiusedmachine.com\/de\/wp-json\/wp\/v2\/media\/12485"}],"wp:attachment":[{"href":"https:\/\/www.laxmiusedmachine.com\/de\/wp-json\/wp\/v2\/media?parent=12484"}],"wp:term":[{"taxonomy":"product_brand","embeddable":true,"href":"https:\/\/www.laxmiusedmachine.com\/de\/wp-json\/wp\/v2\/product_brand?post=12484"},{"taxonomy":"product_cat","embeddable":true,"href":"https:\/\/www.laxmiusedmachine.com\/de\/wp-json\/wp\/v2\/product_cat?post=12484"},{"taxonomy":"product_tag","embeddable":true,"href":"https:\/\/www.laxmiusedmachine.com\/de\/wp-json\/wp\/v2\/product_tag?post=12484"}],"curies":[{"name":"wp","href":"https:\/\/api.w.org\/{rel}","templated":true}]}}