{"id":12378,"date":"2025-08-04T18:25:42","date_gmt":"2025-08-04T18:25:42","guid":{"rendered":"https:\/\/www.laxmiusedmachine.com\/?post_type=product&#038;p=12378"},"modified":"2025-12-23T11:22:24","modified_gmt":"2025-12-23T11:22:24","slug":"8-axis-cnc-gear-and-profile-grinder-samputensili-s400gt","status":"publish","type":"product","link":"https:\/\/www.laxmiusedmachine.com\/de\/prodotto\/8-axis-cnc-gear-and-profile-grinder-samputensili-s400gt\/","title":{"rendered":"8-Achs-CNC-Zahnrad- und Profilschleifmaschine, SAMPUTENSILI \u2013 S400GT"},"content":{"rendered":"<div id=\"fws_69d7c3d534a77\"  data-column-margin=\"default\" data-midnight=\"dark\"  class=\"wpb_row vc_row-fluid vc_row\"  style=\"padding-top: 0px; padding-bottom: 0px; \"><div class=\"row-bg-wrap\" data-bg-animation=\"none\" data-bg-animation-delay=\"\" data-bg-overlay=\"false\"><div class=\"inner-wrap row-bg-layer\" ><div class=\"row-bg viewport-desktop\"  style=\"\"><\/div><\/div><\/div><div class=\"row_col_wrap_12 col span_12 dark left\">\n\t<div  class=\"vc_col-sm-4 wpb_column column_container vc_column_container col no-extra-padding inherit_tablet inherit_phone\"  data-padding-pos=\"all\" data-has-bg-color=\"false\" data-bg-color=\"\" data-bg-opacity=\"1\" data-animation=\"\" data-delay=\"0\" >\n\t\t<div class=\"vc_column-inner\" >\n\t\t\t<div class=\"wpb_wrapper\">\n\t\t\t\t\n\t\t\t<\/div> \n\t\t<\/div>\n\t<\/div> \n\n\t<div  class=\"vc_col-sm-4 wpb_column column_container vc_column_container col no-extra-padding inherit_tablet inherit_phone\"  data-padding-pos=\"all\" data-has-bg-color=\"false\" data-bg-color=\"\" data-bg-opacity=\"1\" data-animation=\"\" data-delay=\"0\" >\n\t\t<div class=\"vc_column-inner\" >\n\t\t\t<div class=\"wpb_wrapper\">\n\t\t\t\t<div class=\"nectar-fancy-ul\" data-list-icon=\"linecon-icon-settings\" data-animation=\"false\" data-animation-delay=\"0\" data-color=\"accent-color\" data-spacing=\"default\" data-alignment=\"left\"> \n<p style=\"text-align: center;\"><em><strong>8-Achs-CNC-Zahnrad- und Profilschleifmaschine<\/strong><\/em><\/p>\n<ul style=\"text-align: center;\">\n<li><strong>Machen:<\/strong> <em><strong>SAMPUTENSILI<\/strong><\/em><\/li>\n<li><strong>Modell:<\/strong> <em><strong>S400 GT<\/strong><\/em><\/li>\n<li>JAHR: 2004<\/li>\n<li>mit SIEMENS 840D<\/li>\n<li>Maximale Werkst\u00fcckl\u00e4nge: 900 mm<\/li>\n<li>Maximaler Werkst\u00fcckdurchmesser: 400 mm<\/li>\n<li>Maximale schleifbare Stirnbreite: 750 mm<\/li>\n<li>Max. Modul f\u00fcr kontinuierliches Erzeugen von Mahlwerk (Mahlschnecke): 6<\/li>\n<\/ul>\n<p>&nbsp;<\/p>\n<p style=\"text-align: center;\">Maximale Profiltiefe:<\/p>\n<ul style=\"text-align: center;\">\n<li>Mit abdrehbarer Profilschleifscheibe: 0,5 \u2013 20 mm<\/li>\n<li>Mit galvanisierter Profilschleifscheibe: 0,5 \u2013 40 mm<\/li>\n<li>Durchmesser der Schleifscheibe: 80 \u2013 280 mm<\/li>\n<li>Werkzeugspindel-Drehzahlbereich: 0 \u2013 15000 U\/min<\/li>\n<li>Drehzahlbereich der Arbeitsspindel: 0 \u2013 1000 U\/min<\/li>\n<li>Drehzahlbereich der Abrichtspindel: 0 \u2013 4000 U\/min<\/li>\n<li>Hauptantriebsleistung: 36 kW<\/li>\n<li>Gesamtanschlussleistung: 100 kVA<\/li>\n<\/ul>\n<p style=\"text-align: center;\">Die Maschine ist in exzellentem Zustand und vollst\u00e4ndig mit allen Teilen und Zubeh\u00f6r. Sie eignet sich sowohl f\u00fcr das Profil- als auch f\u00fcr das Schneckenradschleifen. Zahnradprofile k\u00f6nnen generationsweise mit einer Mehrgang-Schneckenscheibe oder als Einzelindex-Profile geschliffen werden. Ideal f\u00fcr die Bearbeitung mit galvanisch beschichteten CBN-Schleifscheiben (bis zu 4 Scheiben auf derselben Spindel), einschlie\u00dflich Schrupp- und Schlichtscheiben, die automatisch im selben Arbeitsgang mit Werkst\u00fccksynchronisation in den verschiedenen Phasen eingesetzt werden.<\/p>\n <\/div>\n\t\t\t<\/div> \n\t\t<\/div>\n\t<\/div> \n\n\t<div  class=\"vc_col-sm-4 wpb_column column_container vc_column_container col no-extra-padding inherit_tablet inherit_phone\"  data-padding-pos=\"all\" data-has-bg-color=\"false\" data-bg-color=\"\" data-bg-opacity=\"1\" data-animation=\"\" data-delay=\"0\" >\n\t\t<div class=\"vc_column-inner\" >\n\t\t\t<div class=\"wpb_wrapper\">\n\t\t\t\t\n\t\t\t<\/div> \n\t\t<\/div>\n\t<\/div> \n<\/div><\/div>","protected":false},"excerpt":{"rendered":"<p>Hier ist unsere 8-Achsen-Plattform.<strong> CNC-Zahnrad- und Profilschleifmaschine,<\/strong><\/p>\n<p>Es befindet sich in einem ausgezeichneten Zustand. F\u00fcr weitere Informationen stehen wir Ihnen gerne zur Verf\u00fcgung!<\/p>","protected":false},"featured_media":12391,"comment_status":"closed","ping_status":"closed","template":"","meta":[],"product_brand":[],"product_cat":[444],"product_tag":[165,1344,523,1199],"class_list":{"0":"post-12378","1":"product","2":"type-product","3":"status-publish","4":"has-post-thumbnail","6":"product_cat-cnc-gear-grinding-machines","7":"product_tag-gear-grinder","8":"product_tag-profile-grinder","9":"product_tag-rettifica-ingranaggi","10":"product_tag-samputensili","11":"pa_luogo-italia","13":"first","14":"instock","15":"shipping-taxable","16":"product-type-simple"},"_links":{"self":[{"href":"https:\/\/www.laxmiusedmachine.com\/de\/wp-json\/wp\/v2\/product\/12378","targetHints":{"allow":["GET"]}}],"collection":[{"href":"https:\/\/www.laxmiusedmachine.com\/de\/wp-json\/wp\/v2\/product"}],"about":[{"href":"https:\/\/www.laxmiusedmachine.com\/de\/wp-json\/wp\/v2\/types\/product"}],"replies":[{"embeddable":true,"href":"https:\/\/www.laxmiusedmachine.com\/de\/wp-json\/wp\/v2\/comments?post=12378"}],"wp:featuredmedia":[{"embeddable":true,"href":"https:\/\/www.laxmiusedmachine.com\/de\/wp-json\/wp\/v2\/media\/12391"}],"wp:attachment":[{"href":"https:\/\/www.laxmiusedmachine.com\/de\/wp-json\/wp\/v2\/media?parent=12378"}],"wp:term":[{"taxonomy":"product_brand","embeddable":true,"href":"https:\/\/www.laxmiusedmachine.com\/de\/wp-json\/wp\/v2\/product_brand?post=12378"},{"taxonomy":"product_cat","embeddable":true,"href":"https:\/\/www.laxmiusedmachine.com\/de\/wp-json\/wp\/v2\/product_cat?post=12378"},{"taxonomy":"product_tag","embeddable":true,"href":"https:\/\/www.laxmiusedmachine.com\/de\/wp-json\/wp\/v2\/product_tag?post=12378"}],"curies":[{"name":"wp","href":"https:\/\/api.w.org\/{rel}","templated":true}]}}