{"id":12365,"date":"2025-08-04T11:15:01","date_gmt":"2025-08-04T11:15:01","guid":{"rendered":"https:\/\/www.laxmiusedmachine.com\/?post_type=product&#038;p=12365"},"modified":"2026-03-16T14:59:31","modified_gmt":"2026-03-16T14:59:31","slug":"cnc-multitasking-turning-center-doosan-mx2600st","status":"publish","type":"product","link":"https:\/\/www.laxmiusedmachine.com\/de\/prodotto\/cnc-multitasking-turning-center-doosan-mx2600st\/","title":{"rendered":"CNC-Multitasking-Drehzentrum, DOOSAN \u2013 MX2600ST"},"content":{"rendered":"<div id=\"fws_69f93d6aef831\"  data-column-margin=\"default\" data-midnight=\"dark\"  class=\"wpb_row vc_row-fluid vc_row\"  style=\"padding-top: 0px; padding-bottom: 0px; \"><div class=\"row-bg-wrap\" data-bg-animation=\"none\" data-bg-animation-delay=\"\" data-bg-overlay=\"false\"><div class=\"inner-wrap row-bg-layer\" ><div class=\"row-bg viewport-desktop\"  style=\"\"><\/div><\/div><\/div><div class=\"row_col_wrap_12 col span_12 dark left\">\n\t<div  class=\"vc_col-sm-4 wpb_column column_container vc_column_container col no-extra-padding inherit_tablet inherit_phone\"  data-padding-pos=\"all\" data-has-bg-color=\"false\" data-bg-color=\"\" data-bg-opacity=\"1\" data-animation=\"\" data-delay=\"0\" >\n\t\t<div class=\"vc_column-inner\" >\n\t\t\t<div class=\"wpb_wrapper\">\n\t\t\t\t\n\t\t\t<\/div> \n\t\t<\/div>\n\t<\/div> \n\n\t<div  class=\"vc_col-sm-4 wpb_column column_container vc_column_container col no-extra-padding inherit_tablet inherit_phone\"  data-padding-pos=\"all\" data-has-bg-color=\"false\" data-bg-color=\"\" data-bg-opacity=\"1\" data-animation=\"\" data-delay=\"0\" >\n\t\t<div class=\"vc_column-inner\" >\n\t\t\t<div class=\"wpb_wrapper\">\n\t\t\t\t<div class=\"nectar-fancy-ul\" data-list-icon=\"linecon-icon-settings\" data-animation=\"false\" data-animation-delay=\"0\" data-color=\"accent-color\" data-spacing=\"default\" data-alignment=\"left\"> \n<p style=\"text-align: center;\"><strong>CNC-Multitasking-Drehzentrum<\/strong><\/p>\n<ul>\n<li style=\"text-align: center;\"><strong>Hersteller: DOOSAN<\/strong><\/li>\n<li style=\"text-align: center;\"><strong>Modell: MX2600ST<\/strong><\/li>\n<li style=\"text-align: center;\"><strong>Herstellungsjahr: 2018<\/strong><\/li>\n<li style=\"text-align: center;\">Fanuc 31i-A mit Handbuch i<\/li>\n<li style=\"text-align: center;\">max. Drehdurchmesser 760 mm<\/li>\n<li style=\"text-align: center;\">max. Drehl\u00e4nge 1.540 mm<\/li>\n<li style=\"text-align: center;\">Hauptspindel<\/li>\n<li style=\"text-align: center;\">Motorleistung: 26\/22 kW<\/li>\n<li style=\"text-align: center;\">Maximale Spindeldrehzahl: 4.000 U\/min<\/li>\n<li style=\"text-align: center;\">C-Achse<br \/>\nMaximale Stangenkapazit\u00e4t: 76 mm<br \/>\nSpindelnase: A2-8<\/li>\n<li style=\"text-align: center;\">Hilfsspindel<br \/>\nMotorleistung: 26\/22 kW<br \/>\nmax. Spindeldrehzahl 4.000 U\/min<\/li>\n<li style=\"text-align: center;\">C-Achse<\/li>\n<li style=\"text-align: center;\">Spindelnase: A2-8<\/li>\n<li style=\"text-align: center;\">Fr\u00e4sspindel<\/li>\n<li style=\"text-align: center;\">Motorleistung: 22\/18,5 kW<\/li>\n<li style=\"text-align: center;\">Maximale Spindeldrehzahl 12.000 U\/min<br \/>\nBewegungen<\/li>\n<li style=\"text-align: center;\">X1-Achse: 615 mm<\/li>\n<li style=\"text-align: center;\">Y1-Achse: 230 mm<\/li>\n<li style=\"text-align: center;\">Z1-Achse: 1,585 mm<\/li>\n<li style=\"text-align: center;\">X2-Achse: 220 mm<\/li>\n<li style=\"text-align: center;\">Z2-Achse: 1,515 mm<\/li>\n<li style=\"text-align: center;\">A-Achse: 1.550 mm<\/li>\n<li style=\"text-align: center;\">Werkzeugmagazin \/ ATC<\/li>\n<li style=\"text-align: center;\">40 Werkzeuge<\/li>\n<li style=\"text-align: center;\">Maximaler Werkzeugdurchmesser: 90\/125 mm<\/li>\n<li style=\"text-align: center;\">Maximale Werkzeugl\u00e4nge: 400 mm<\/li>\n<li style=\"text-align: center;\">untere Harnr\u00f6hre<\/li>\n<li style=\"text-align: center;\">12-Stationen-Turm<\/li>\n<li style=\"text-align: center;\">Maximale Drehzahl: 4.000 U\/min<\/li>\n<li style=\"text-align: center;\">andere Optionen<\/li>\n<li style=\"text-align: center;\">\u2013 K\u00fchlmittel f\u00fcr Fr\u00e4sspindel, 1,5 kW, 2,0 MPa, 21,6 l\/min<\/li>\n<li style=\"text-align: center;\">\u2013 K\u00fchlmittelpumpe f\u00fcr den unteren Turm, 2,2 kW, 1,0 MPa, 30 l\/min<\/li>\n<li style=\"text-align: center;\">\u2013 K\u00fchlmittel f\u00fcr angetriebene Werkzeuge<\/li>\n<li style=\"text-align: center;\">\u2013 K\u00fchlmittel an den Spannfuttern (linke und rechte Spindel)<\/li>\n<li style=\"text-align: center;\">\u2013 Automatische Werkzeugmessung<\/li>\n<li style=\"text-align: center;\">\u2013 \u00dcberlasterkennung<\/li>\n<li style=\"text-align: center;\">\u2013 Profibus-Roboterschnittstelle<\/li>\n<li style=\"text-align: center;\">\u2013 Automatische T\u00fcr<\/li>\n<\/ul>\n<p style=\"text-align: center;\"><strong>Maschinenabmessungen<\/strong><\/p>\n<ul>\n<li style=\"text-align: center;\">L\u00e4nge: 5120 mm<\/li>\n<li style=\"text-align: center;\">Breite: 2700 mm<\/li>\n<li style=\"text-align: center;\">H\u00f6he: 3025 mm<\/li>\n<li style=\"text-align: center;\">Maschinengewicht: 16000 kg\n<div class=\"page\" title=\"Seite 1\">\n<div class=\"layoutArea\">\n<div class=\"column\"><\/div>\n<\/div>\n<\/div>\n<\/li>\n<\/ul>\n <\/div>\n\t\t\t<\/div> \n\t\t<\/div>\n\t<\/div> \n\n\t<div  class=\"vc_col-sm-4 wpb_column column_container vc_column_container col no-extra-padding inherit_tablet inherit_phone\"  data-padding-pos=\"all\" data-has-bg-color=\"false\" data-bg-color=\"\" data-bg-opacity=\"1\" data-animation=\"\" data-delay=\"0\" >\n\t\t<div class=\"vc_column-inner\" >\n\t\t\t<div class=\"wpb_wrapper\">\n\t\t\t\t\n\t\t\t<\/div> \n\t\t<\/div>\n\t<\/div> \n<\/div><\/div>","protected":false},"excerpt":{"rendered":"<p>Hier ist unsere <b>CNC-Multitasking-Drehzentrum,\u00a0<\/b><\/p>\n<p>Es ist in ausgezeichnetem Zustand, f\u00fcr weitere Informationen stehen wir Ihnen gerne zur Verf\u00fcgung.<\/p>","protected":false},"featured_media":12377,"comment_status":"closed","ping_status":"closed","template":"","meta":[],"product_brand":[],"product_cat":[17,24],"product_tag":[1324,1322,526],"class_list":{"0":"post-12365","1":"product","2":"type-product","3":"status-publish","4":"has-post-thumbnail","6":"product_cat-new-arrivals","7":"product_cat-cnc-lathe-machines","8":"product_tag-centro-di-tornitura","9":"product_tag-cnc-tuning-center","10":"product_tag-doosan","11":"pa_luogo-india","13":"first","14":"instock","15":"shipping-taxable","16":"product-type-simple"},"_links":{"self":[{"href":"https:\/\/www.laxmiusedmachine.com\/de\/wp-json\/wp\/v2\/product\/12365","targetHints":{"allow":["GET"]}}],"collection":[{"href":"https:\/\/www.laxmiusedmachine.com\/de\/wp-json\/wp\/v2\/product"}],"about":[{"href":"https:\/\/www.laxmiusedmachine.com\/de\/wp-json\/wp\/v2\/types\/product"}],"replies":[{"embeddable":true,"href":"https:\/\/www.laxmiusedmachine.com\/de\/wp-json\/wp\/v2\/comments?post=12365"}],"wp:featuredmedia":[{"embeddable":true,"href":"https:\/\/www.laxmiusedmachine.com\/de\/wp-json\/wp\/v2\/media\/12377"}],"wp:attachment":[{"href":"https:\/\/www.laxmiusedmachine.com\/de\/wp-json\/wp\/v2\/media?parent=12365"}],"wp:term":[{"taxonomy":"product_brand","embeddable":true,"href":"https:\/\/www.laxmiusedmachine.com\/de\/wp-json\/wp\/v2\/product_brand?post=12365"},{"taxonomy":"product_cat","embeddable":true,"href":"https:\/\/www.laxmiusedmachine.com\/de\/wp-json\/wp\/v2\/product_cat?post=12365"},{"taxonomy":"product_tag","embeddable":true,"href":"https:\/\/www.laxmiusedmachine.com\/de\/wp-json\/wp\/v2\/product_tag?post=12365"}],"curies":[{"name":"wp","href":"https:\/\/api.w.org\/{rel}","templated":true}]}}