{"id":12295,"date":"2025-07-17T16:20:25","date_gmt":"2025-07-17T16:20:25","guid":{"rendered":"https:\/\/www.laxmiusedmachine.com\/?post_type=product&#038;p=12295"},"modified":"2025-12-23T11:23:01","modified_gmt":"2025-12-23T11:23:01","slug":"cnc-horizontal-gear-hobbing-pfauter-p210-160-hii","status":"publish","type":"product","link":"https:\/\/www.laxmiusedmachine.com\/de\/prodotto\/cnc-horizontal-gear-hobbing-pfauter-p210-160-hii\/","title":{"rendered":"CNC-W\u00e4lzfr\u00e4sen f\u00fcr Horizontalverzahnung, PFAUTER \u2013 P210 \/ 160 HII"},"content":{"rendered":"<div id=\"fws_6a07aca509a79\"  data-column-margin=\"default\" data-midnight=\"dark\"  class=\"wpb_row vc_row-fluid vc_row\"  style=\"padding-top: 0px; padding-bottom: 0px; \"><div class=\"row-bg-wrap\" data-bg-animation=\"none\" data-bg-animation-delay=\"\" data-bg-overlay=\"false\"><div class=\"inner-wrap row-bg-layer\" ><div class=\"row-bg viewport-desktop\"  style=\"\"><\/div><\/div><\/div><div class=\"row_col_wrap_12 col span_12 dark left\">\n\t<div  class=\"vc_col-sm-4 wpb_column column_container vc_column_container col no-extra-padding inherit_tablet inherit_phone\"  data-padding-pos=\"all\" data-has-bg-color=\"false\" data-bg-color=\"\" data-bg-opacity=\"1\" data-animation=\"\" data-delay=\"0\" >\n\t\t<div class=\"vc_column-inner\" >\n\t\t\t<div class=\"wpb_wrapper\">\n\t\t\t\t\n\t\t\t<\/div> \n\t\t<\/div>\n\t<\/div> \n\n\t<div  class=\"vc_col-sm-4 wpb_column column_container vc_column_container col no-extra-padding inherit_tablet inherit_phone\"  data-padding-pos=\"all\" data-has-bg-color=\"false\" data-bg-color=\"\" data-bg-opacity=\"1\" data-animation=\"\" data-delay=\"0\" >\n\t\t<div class=\"vc_column-inner\" >\n\t\t\t<div class=\"wpb_wrapper\">\n\t\t\t\t<div class=\"nectar-fancy-ul\" data-list-icon=\"linecon-icon-settings\" data-animation=\"false\" data-animation-delay=\"0\" data-color=\"accent-color\" data-spacing=\"default\" data-alignment=\"left\"> \n<p class=\"p1\" style=\"text-align: center;\"><b>HORIZONTALE ZAHNR\u00c4DER, <\/b><\/p>\n<p class=\"p1\" style=\"text-align: center;\"><b>PFAUTER \u2013 P210 \/ 160 H\/II (langes Untergeschoss)<\/b><\/p>\n<ul>\n<li class=\"p1\" style=\"text-align: center;\"><b>Machen:<\/b> Pfauter<\/li>\n<li class=\"p1\" style=\"text-align: center;\"><b>Modell:<\/b> P210 \/ 160 H\/II (langes Untergeschoss)<\/li>\n<li style=\"text-align: center;\"><strong>Jahr der Nachr\u00fcstung: 2006<\/strong><\/li>\n<li style=\"text-align: center;\"><strong>CNC: SIEMENS 840D<\/strong><\/li>\n<li class=\"p1\" style=\"text-align: center;\"><b>Maximaler Durchmesser von Zahnr\u00e4dern\/Wellen\/Keilwellen:<\/b> 210 mm<\/li>\n<li class=\"p1\" style=\"text-align: center;\"><b>Maximale Werkst\u00fcckschnittl\u00e4nge:<\/b> 735 mm<\/li>\n<li class=\"p1\" style=\"text-align: center;\"><b>Min\/Max-Modul:<\/b> 0,5 \/ 6<\/li>\n<\/ul>\n<p class=\"p2\" style=\"text-align: center;\"><b>Andere Information:<br \/>\n<\/b>Die Maschine ist in einem ausgezeichneten Zustand und vollst\u00e4ndig mit allen Teilen und Zubeh\u00f6r.<\/p>\n <\/div>\n\t\t\t<\/div> \n\t\t<\/div>\n\t<\/div> \n\n\t<div  class=\"vc_col-sm-4 wpb_column column_container vc_column_container col no-extra-padding inherit_tablet inherit_phone\"  data-padding-pos=\"all\" data-has-bg-color=\"false\" data-bg-color=\"\" data-bg-opacity=\"1\" data-animation=\"\" data-delay=\"0\" >\n\t\t<div class=\"vc_column-inner\" >\n\t\t\t<div class=\"wpb_wrapper\">\n\t\t\t\t\n\t\t\t<\/div> \n\t\t<\/div>\n\t<\/div> \n<\/div><\/div>","protected":false},"excerpt":{"rendered":"<p>Hier ist unsere <strong>CNC<\/strong> <strong>HORIZONTALE W\u00c4GEW\u00d6LBEARBEITUNG, PFAUTER<\/strong><\/p>\n<p>Es befindet sich in einem ausgezeichneten Zustand. F\u00fcr weitere Informationen stehen wir Ihnen gerne zur Verf\u00fcgung!<\/p>","protected":false},"featured_media":12302,"comment_status":"closed","ping_status":"closed","template":"","meta":[],"product_brand":[],"product_cat":[18],"product_tag":[1337,1336,558,1335,236],"class_list":{"0":"post-12295","1":"product","2":"type-product","3":"status-publish","4":"has-post-thumbnail","6":"product_cat-gear-hobbing-machines","7":"product_tag-cnc-gear","8":"product_tag-cnc-hobbing","9":"product_tag-horizontal-gear-hobbing","10":"product_tag-p210","11":"product_tag-pfauter","12":"pa_luogo-italia","14":"first","15":"instock","16":"shipping-taxable","17":"product-type-simple"},"_links":{"self":[{"href":"https:\/\/www.laxmiusedmachine.com\/de\/wp-json\/wp\/v2\/product\/12295","targetHints":{"allow":["GET"]}}],"collection":[{"href":"https:\/\/www.laxmiusedmachine.com\/de\/wp-json\/wp\/v2\/product"}],"about":[{"href":"https:\/\/www.laxmiusedmachine.com\/de\/wp-json\/wp\/v2\/types\/product"}],"replies":[{"embeddable":true,"href":"https:\/\/www.laxmiusedmachine.com\/de\/wp-json\/wp\/v2\/comments?post=12295"}],"wp:featuredmedia":[{"embeddable":true,"href":"https:\/\/www.laxmiusedmachine.com\/de\/wp-json\/wp\/v2\/media\/12302"}],"wp:attachment":[{"href":"https:\/\/www.laxmiusedmachine.com\/de\/wp-json\/wp\/v2\/media?parent=12295"}],"wp:term":[{"taxonomy":"product_brand","embeddable":true,"href":"https:\/\/www.laxmiusedmachine.com\/de\/wp-json\/wp\/v2\/product_brand?post=12295"},{"taxonomy":"product_cat","embeddable":true,"href":"https:\/\/www.laxmiusedmachine.com\/de\/wp-json\/wp\/v2\/product_cat?post=12295"},{"taxonomy":"product_tag","embeddable":true,"href":"https:\/\/www.laxmiusedmachine.com\/de\/wp-json\/wp\/v2\/product_tag?post=12295"}],"curies":[{"name":"wp","href":"https:\/\/api.w.org\/{rel}","templated":true}]}}