{"id":12266,"date":"2025-07-17T15:06:00","date_gmt":"2025-07-17T15:06:00","guid":{"rendered":"https:\/\/www.laxmiusedmachine.com\/?post_type=product&#038;p=12266"},"modified":"2025-11-19T05:52:21","modified_gmt":"2025-11-19T05:52:21","slug":"5-axis-cnc-universal-grinder-studer-s145-cnc","status":"publish","type":"product","link":"https:\/\/www.laxmiusedmachine.com\/de\/prodotto\/5-axis-cnc-universal-grinder-studer-s145-cnc\/","title":{"rendered":"5-Achs-CNC-Universalschleifmaschine, STUDER \u2013 S145 CNC"},"content":{"rendered":"<div id=\"fws_69f927fb5562e\"  data-column-margin=\"default\" data-midnight=\"dark\"  class=\"wpb_row vc_row-fluid vc_row\"  style=\"padding-top: 0px; padding-bottom: 0px; \"><div class=\"row-bg-wrap\" data-bg-animation=\"none\" data-bg-animation-delay=\"\" data-bg-overlay=\"false\"><div class=\"inner-wrap row-bg-layer\" ><div class=\"row-bg viewport-desktop\"  style=\"\"><\/div><\/div><\/div><div class=\"row_col_wrap_12 col span_12 dark left\">\n\t<div  class=\"vc_col-sm-4 wpb_column column_container vc_column_container col no-extra-padding inherit_tablet inherit_phone\"  data-padding-pos=\"all\" data-has-bg-color=\"false\" data-bg-color=\"\" data-bg-opacity=\"1\" data-animation=\"\" data-delay=\"0\" >\n\t\t<div class=\"vc_column-inner\" >\n\t\t\t<div class=\"wpb_wrapper\">\n\t\t\t\t\n\t\t\t<\/div> \n\t\t<\/div>\n\t<\/div> \n\n\t<div  class=\"vc_col-sm-4 wpb_column column_container vc_column_container col no-extra-padding inherit_tablet inherit_phone\"  data-padding-pos=\"all\" data-has-bg-color=\"false\" data-bg-color=\"\" data-bg-opacity=\"1\" data-animation=\"\" data-delay=\"0\" >\n\t\t<div class=\"vc_column-inner\" >\n\t\t\t<div class=\"wpb_wrapper\">\n\t\t\t\t<div class=\"nectar-fancy-ul\" data-list-icon=\"linecon-icon-settings\" data-animation=\"false\" data-animation-delay=\"0\" data-color=\"accent-color\" data-spacing=\"default\" data-alignment=\"left\"> \n<p class=\"p1\" style=\"text-align: center;\"><b>5-Achs-CNC-Universalschleifmaschine, STUDER \u2013 S145 CNC<\/b><\/p>\n<p class=\"p1\" style=\"text-align: center;\"><b>Machen:<\/b> <strong>Studer<\/strong><\/p>\n<p class=\"p1\" style=\"text-align: center;\"><b>Modell:<\/b> S145 CNC<\/p>\n<ul>\n<li class=\"p1\" style=\"text-align: center;\"><em><strong>GE FANUC Serie 16-T CNC <\/strong><\/em><\/li>\n<li class=\"p1\" style=\"text-align: center;\">Schwenkstangendurchmesser: 350 mm oberhalb der Werkst\u00fcckoberfl\u00e4che<\/li>\n<li class=\"p1\" style=\"text-align: center;\">Vor dem Arbeitstisch 455 mm<\/li>\n<li class=\"p1\" style=\"text-align: center;\">Mittenh\u00f6he 175 mm<\/li>\n<li class=\"p1\" style=\"text-align: center;\">Maximale Werkst\u00fcckl\u00e4nge 530 mm<\/li>\n<li style=\"text-align: center;\">Achsweg:<\/li>\n<li style=\"text-align: center;\">L\u00e4ngsverfahrweg (Z-Achse) 500 mm<\/li>\n<li style=\"text-align: center;\">Querverfahrweg (X-Achse) 120 mm<\/li>\n<li style=\"text-align: center;\">Werkst\u00fcckspindel (B-Achse) +\/-30\u00b0<\/li>\n<li style=\"text-align: center;\">Vorschubgeschwindigkeit: X-Achse (quer) 0,001\u201310.000 mm\/min<\/li>\n<li style=\"text-align: center;\">Z-Achse (longitudinal) 0,001\u201310.000 mm\/min<\/li>\n<li style=\"text-align: center;\">C-Achse (Spindel, Aufl\u00f6sung) 0,0001\u00b0<\/li>\n<li style=\"text-align: center;\">Schleifscheibenkopf: Neigung 0-270\u00b0<\/li>\n<li style=\"text-align: center;\">Anzahl der Spindelpositionen: 4<\/li>\n<li style=\"text-align: center;\">Spindeldrehzahlen:<\/li>\n<li style=\"text-align: center;\">Stufenlos regelbar von 5.000 U\/min bis 120.000 U\/min (wir bieten Spindeln mit maximal 42.000 U\/min an).<\/li>\n<li style=\"text-align: center;\">Werkst\u00fcck f\u00fcr den Schleifscheibenkopf:<\/li>\n<li style=\"text-align: center;\">Spindeldrehzahl: stufenlos einstellbar von 1 U\/min bis 1000 U\/min<\/li>\n<li style=\"text-align: center;\">Hammergeschwindigkeit 1 \u2013 50 U\/min<\/li>\n<li style=\"text-align: center;\">Spindelbohrung \u00d8 50 mm<\/li>\n<li style=\"text-align: center;\">Spindelkegelanschluss: ISO 50<\/li>\n<li style=\"text-align: center;\">Spindelanschluss: CAMLOCK 6<\/li>\n<li style=\"text-align: center;\">Stromversorgung 50 Hz 3x 400 Volt<\/li>\n<li style=\"text-align: center;\">Arbeitskopfmotor 3,8 kW<\/li>\n<li style=\"text-align: center;\">Installierte Gesamtleistung 22 kVA<\/li>\n<li style=\"text-align: center;\">Maschinengewicht ca. 5700 kg<\/li>\n<li style=\"text-align: center;\">Diverse Zubeh\u00f6rteile: B-Achse, max. Schrittweite 0,001\u00b0<\/li>\n<li style=\"text-align: center;\">Abrichtger\u00e4t Elektronische Schleiferkennung<\/li>\n<li style=\"text-align: center;\">Gewindeschleifzyklen K\u00fchlmittel Papierfilter<\/li>\n<li style=\"text-align: center;\">Vollst\u00e4ndiger Schutz, Kabinenbeleuchtung, Statusanzeige<\/li>\n<li style=\"text-align: center;\">Automatische Zentrierung, 3 Klemmen, \u00d8 mm<\/li>\n<li style=\"text-align: center;\">Elektronische Handsteuerung RS-232-Schnittstelle<\/li>\n<li style=\"text-align: center;\">Au\u00dfenschleifspindel 1<\/li>\n<\/ul>\n<p class=\"p2\" style=\"text-align: center;\"><b>Andere Information:<\/b><\/p>\n<p class=\"p2\" style=\"text-align: center;\">DIE MASCHINE BEFINDET SICH IN EINEM AUSGEZEICHNETEN ZUSTAND UND IST VOLLST\u00c4NDIG IN ALLEN TEILEN UND ZUBEH\u00d6RTEILEN.<\/p>\n <\/div>\n\t\t\t<\/div> \n\t\t<\/div>\n\t<\/div> \n\n\t<div  class=\"vc_col-sm-4 wpb_column column_container vc_column_container col no-extra-padding inherit_tablet inherit_phone\"  data-padding-pos=\"all\" data-has-bg-color=\"false\" data-bg-color=\"\" data-bg-opacity=\"1\" data-animation=\"\" data-delay=\"0\" >\n\t\t<div class=\"vc_column-inner\" >\n\t\t\t<div class=\"wpb_wrapper\">\n\t\t\t\t\n\t\t\t<\/div> \n\t\t<\/div>\n\t<\/div> \n<\/div><\/div>","protected":false},"excerpt":{"rendered":"<p>Hier ist unsere CNC-Maschine <strong>UNIVERSALSCHLEIFER, STUDER \u2013 S145 CNC.<\/strong><\/p>\n<p>Die Maschine ist komplett mit allen Teilen und Zubeh\u00f6r. F\u00fcr weitere Informationen stehen wir Ihnen gerne zur Verf\u00fcgung!<\/p>","protected":false},"featured_media":12570,"comment_status":"closed","ping_status":"closed","template":"","meta":[],"product_brand":[],"product_cat":[100,17,37,36],"product_tag":[106,104,1333,831,655],"class_list":{"0":"post-12266","1":"product","2":"type-product","3":"status-publish","4":"has-post-thumbnail","6":"product_cat-cylindrical-grinding-machines","7":"product_cat-new-arrivals","8":"product_cat-external-grinding-machines","9":"product_cat-internal-grinding-machines","10":"product_tag-cylindrical-grinder","11":"product_tag-grinder","12":"product_tag-s145","13":"product_tag-studer","14":"product_tag-universal-grinder","15":"pa_luogo-india","17":"first","18":"instock","19":"shipping-taxable","20":"product-type-simple"},"_links":{"self":[{"href":"https:\/\/www.laxmiusedmachine.com\/de\/wp-json\/wp\/v2\/product\/12266","targetHints":{"allow":["GET"]}}],"collection":[{"href":"https:\/\/www.laxmiusedmachine.com\/de\/wp-json\/wp\/v2\/product"}],"about":[{"href":"https:\/\/www.laxmiusedmachine.com\/de\/wp-json\/wp\/v2\/types\/product"}],"replies":[{"embeddable":true,"href":"https:\/\/www.laxmiusedmachine.com\/de\/wp-json\/wp\/v2\/comments?post=12266"}],"wp:featuredmedia":[{"embeddable":true,"href":"https:\/\/www.laxmiusedmachine.com\/de\/wp-json\/wp\/v2\/media\/12570"}],"wp:attachment":[{"href":"https:\/\/www.laxmiusedmachine.com\/de\/wp-json\/wp\/v2\/media?parent=12266"}],"wp:term":[{"taxonomy":"product_brand","embeddable":true,"href":"https:\/\/www.laxmiusedmachine.com\/de\/wp-json\/wp\/v2\/product_brand?post=12266"},{"taxonomy":"product_cat","embeddable":true,"href":"https:\/\/www.laxmiusedmachine.com\/de\/wp-json\/wp\/v2\/product_cat?post=12266"},{"taxonomy":"product_tag","embeddable":true,"href":"https:\/\/www.laxmiusedmachine.com\/de\/wp-json\/wp\/v2\/product_tag?post=12266"}],"curies":[{"name":"wp","href":"https:\/\/api.w.org\/{rel}","templated":true}]}}