{"id":12223,"date":"2025-06-20T10:14:39","date_gmt":"2025-06-20T10:14:39","guid":{"rendered":"https:\/\/www.laxmiusedmachine.com\/?post_type=product&#038;p=12223"},"modified":"2025-09-10T06:14:56","modified_gmt":"2025-09-10T06:14:56","slug":"cnc-horizontal-gear-hobbing-wera-profilator-re3000","status":"publish","type":"product","link":"https:\/\/www.laxmiusedmachine.com\/de\/prodotto\/cnc-horizontal-gear-hobbing-wera-profilator-re3000\/","title":{"rendered":"CNC-W\u00e4lzfr\u00e4sen f\u00fcr horizontale Zahnr\u00e4der, WERA \u2013 PROFILATOR RE3000"},"content":{"rendered":"<div id=\"fws_69f411fd66fba\"  data-column-margin=\"default\" data-midnight=\"dark\"  class=\"wpb_row vc_row-fluid vc_row\"  style=\"padding-top: 0px; padding-bottom: 0px; \"><div class=\"row-bg-wrap\" data-bg-animation=\"none\" data-bg-animation-delay=\"\" data-bg-overlay=\"false\"><div class=\"inner-wrap row-bg-layer\" ><div class=\"row-bg viewport-desktop\"  style=\"\"><\/div><\/div><\/div><div class=\"row_col_wrap_12 col span_12 dark left\">\n\t<div  class=\"vc_col-sm-4 wpb_column column_container vc_column_container col no-extra-padding inherit_tablet inherit_phone\"  data-padding-pos=\"all\" data-has-bg-color=\"false\" data-bg-color=\"\" data-bg-opacity=\"1\" data-animation=\"\" data-delay=\"0\" >\n\t\t<div class=\"vc_column-inner\" >\n\t\t\t<div class=\"wpb_wrapper\">\n\t\t\t\t\n\t\t\t<\/div> \n\t\t<\/div>\n\t<\/div> \n\n\t<div  class=\"vc_col-sm-4 wpb_column column_container vc_column_container col no-extra-padding inherit_tablet inherit_phone\"  data-padding-pos=\"all\" data-has-bg-color=\"false\" data-bg-color=\"\" data-bg-opacity=\"1\" data-animation=\"\" data-delay=\"0\" >\n\t\t<div class=\"vc_column-inner\" >\n\t\t\t<div class=\"wpb_wrapper\">\n\t\t\t\t<div class=\"nectar-fancy-ul\" data-list-icon=\"linecon-icon-settings\" data-animation=\"false\" data-animation-delay=\"0\" data-color=\"accent-color\" data-spacing=\"default\" data-alignment=\"left\"> \n<p class=\"p1\" style=\"text-align: center;\"><b>CNC-W\u00e4lzfr\u00e4sen f\u00fcr horizontale Zahnr\u00e4der<br \/>\n<\/b><\/p>\n<ul>\n<li style=\"text-align: center;\">MARKE \/ MODELL: WERA PROFILATOR<\/li>\n<li style=\"text-align: center;\">Mod. RE 3000<\/li>\n<li style=\"text-align: center;\">JAHR: 1999<\/li>\n<li class=\"p1\" style=\"text-align: center;\">Automatische W\u00e4lzfr\u00e4smaschine mit einem maximalen Durchmesser von 250 mm<\/li>\n<li class=\"p1\" style=\"text-align: center;\">Neigungswinkel f\u00fcr Wendelprofile 15\/45\u00b0<\/li>\n<li class=\"p1\" style=\"text-align: center;\">Drehzahl 1500 U\/min<\/li>\n<li class=\"p1\" style=\"text-align: center;\">Vorschub 10 mm\/min<\/li>\n<li class=\"p1\" style=\"text-align: center;\">CNC SIEMENS SINUMERIK 810D<\/li>\n<li class=\"p1\" style=\"text-align: center;\">Externe Hydraulikeinheit mit einem Tankvolumen von ca. 100 l<\/li>\n<li class=\"p1\" style=\"text-align: center;\">Werkzeugspindel; Drehbare innere T\u00fcr des Hydraulikwerkzeugs<\/li>\n<li class=\"p1\" style=\"text-align: center;\">Entgratungsvorrichtung, hydraulisch gepr\u00fcft, inkl. austauschbarer Stahlhalterung<\/li>\n<li class=\"p1\" style=\"text-align: center;\">Unterst\u00fctzung des Schneidkopfes auf der Beinplatte und der Werkst\u00fcckspindel mit Servoantrieben<\/li>\n<li class=\"p1\" style=\"text-align: center;\">NC-gesteuerter Kreuztisch; Steuerschrank mit CNC-Steuerung, integrierter SPS-Steuerung sowie Steuerelementen, Transformatoren usw.<\/li>\n<li class=\"p1\" style=\"text-align: center;\">Servomotoren f\u00fcr Haupt- und Hilfsantriebe; C-Achsen-Positionierung<\/li>\n<\/ul>\n<p class=\"p1\" style=\"text-align: center;\"><b>Andere Information:<\/b><\/p>\n<p style=\"text-align: center;\">Die Maschine ist in ausgezeichnetem Zustand und vollst\u00e4ndig mit allen Teilen und Zubeh\u00f6r., <strong>einschlie\u00dflich<\/strong><b>\u00a0Alle Zahnr\u00e4der und Wellen werden gewechselt. <\/b><\/p>\n <\/div>\n\t\t\t<\/div> \n\t\t<\/div>\n\t<\/div> \n\n\t<div  class=\"vc_col-sm-4 wpb_column column_container vc_column_container col no-extra-padding inherit_tablet inherit_phone\"  data-padding-pos=\"all\" data-has-bg-color=\"false\" data-bg-color=\"\" data-bg-opacity=\"1\" data-animation=\"\" data-delay=\"0\" >\n\t\t<div class=\"vc_column-inner\" >\n\t\t\t<div class=\"wpb_wrapper\">\n\t\t\t\t\n\t\t\t<\/div> \n\t\t<\/div>\n\t<\/div> \n<\/div><\/div>","protected":false},"excerpt":{"rendered":"<p>Hier ist unsere <strong>CNC-W\u00e4lzfr\u00e4smaschine mit horizontalem Zahnrad,<\/strong><\/p>\n<p>Es befindet sich in einem ausgezeichneten Arbeitszustand. F\u00fcr weitere Informationen stehen wir Ihnen gerne zur Verf\u00fcgung!<\/p>","protected":false},"featured_media":12224,"comment_status":"closed","ping_status":"closed","template":"","meta":[],"product_brand":[],"product_cat":[18],"product_tag":[335,227,232,1328],"class_list":{"0":"post-12223","1":"product","2":"type-product","3":"status-publish","4":"has-post-thumbnail","6":"product_cat-gear-hobbing-machines","7":"product_tag-dentatrice","8":"product_tag-gear","9":"product_tag-gear-hobbing","10":"product_tag-wera-profilator","11":"pa_luogo-italia","13":"first","14":"instock","15":"shipping-taxable","16":"product-type-simple"},"_links":{"self":[{"href":"https:\/\/www.laxmiusedmachine.com\/de\/wp-json\/wp\/v2\/product\/12223","targetHints":{"allow":["GET"]}}],"collection":[{"href":"https:\/\/www.laxmiusedmachine.com\/de\/wp-json\/wp\/v2\/product"}],"about":[{"href":"https:\/\/www.laxmiusedmachine.com\/de\/wp-json\/wp\/v2\/types\/product"}],"replies":[{"embeddable":true,"href":"https:\/\/www.laxmiusedmachine.com\/de\/wp-json\/wp\/v2\/comments?post=12223"}],"wp:featuredmedia":[{"embeddable":true,"href":"https:\/\/www.laxmiusedmachine.com\/de\/wp-json\/wp\/v2\/media\/12224"}],"wp:attachment":[{"href":"https:\/\/www.laxmiusedmachine.com\/de\/wp-json\/wp\/v2\/media?parent=12223"}],"wp:term":[{"taxonomy":"product_brand","embeddable":true,"href":"https:\/\/www.laxmiusedmachine.com\/de\/wp-json\/wp\/v2\/product_brand?post=12223"},{"taxonomy":"product_cat","embeddable":true,"href":"https:\/\/www.laxmiusedmachine.com\/de\/wp-json\/wp\/v2\/product_cat?post=12223"},{"taxonomy":"product_tag","embeddable":true,"href":"https:\/\/www.laxmiusedmachine.com\/de\/wp-json\/wp\/v2\/product_tag?post=12223"}],"curies":[{"name":"wp","href":"https:\/\/api.w.org\/{rel}","templated":true}]}}