{"id":12165,"date":"2025-06-03T10:52:18","date_gmt":"2025-06-03T10:52:18","guid":{"rendered":"https:\/\/www.laxmiusedmachine.com\/?post_type=product&#038;p=12165"},"modified":"2026-02-20T06:58:16","modified_gmt":"2026-02-20T06:58:16","slug":"vertical-machining-center-quaser-mv204ii-10","status":"publish","type":"product","link":"https:\/\/www.laxmiusedmachine.com\/de\/prodotto\/vertical-machining-center-quaser-mv204ii-10\/","title":{"rendered":"Vertikales Bearbeitungszentrum, QUASER -MV204II \/ 10"},"content":{"rendered":"<div id=\"fws_69f4d452cc0af\"  data-column-margin=\"default\" data-midnight=\"dark\"  class=\"wpb_row vc_row-fluid vc_row\"  style=\"padding-top: 0px; padding-bottom: 0px; \"><div class=\"row-bg-wrap\" data-bg-animation=\"none\" data-bg-animation-delay=\"\" data-bg-overlay=\"false\"><div class=\"inner-wrap row-bg-layer\" ><div class=\"row-bg viewport-desktop\"  style=\"\"><\/div><\/div><\/div><div class=\"row_col_wrap_12 col span_12 dark left\">\n\t<div  class=\"vc_col-sm-4 wpb_column column_container vc_column_container col no-extra-padding inherit_tablet inherit_phone\"  data-padding-pos=\"all\" data-has-bg-color=\"false\" data-bg-color=\"\" data-bg-opacity=\"1\" data-animation=\"\" data-delay=\"0\" >\n\t\t<div class=\"vc_column-inner\" >\n\t\t\t<div class=\"wpb_wrapper\">\n\t\t\t\t\n\t\t\t<\/div> \n\t\t<\/div>\n\t<\/div> \n\n\t<div  class=\"vc_col-sm-4 wpb_column column_container vc_column_container col no-extra-padding inherit_tablet inherit_phone\"  data-padding-pos=\"all\" data-has-bg-color=\"false\" data-bg-color=\"\" data-bg-opacity=\"1\" data-animation=\"\" data-delay=\"0\" >\n\t\t<div class=\"vc_column-inner\" >\n\t\t\t<div class=\"wpb_wrapper\">\n\t\t\t\t<div class=\"nectar-fancy-ul\" data-list-icon=\"linecon-icon-settings\" data-animation=\"false\" data-animation-delay=\"0\" data-color=\"accent-color\" data-spacing=\"default\" data-alignment=\"left\"> \n<div class=\"page\" title=\"Seite 1\">\n<div class=\"section\">\n<div class=\"layoutArea\">\n<div class=\"column\">\n<p style=\"text-align: center;\"><em><strong>VERTIKALE BEARBEITUNGSZENTRUM <\/strong><\/em><\/p>\n<ul style=\"text-align: center;\">\n<li><i class=\"icon-default-style linecon-icon-settings accent-color\"><\/i><strong>Machen: <\/strong>QUASER<\/li>\n<li><i class=\"icon-default-style linecon-icon-settings accent-color\"><\/i><strong>Modell: <\/strong>Mv 204II \/ 10<\/li>\n<li><i class=\"icon-default-style linecon-icon-settings accent-color\"><\/i><strong>CNC: SELCA 4045<\/strong><\/li>\n<li><em><strong>Baujahr: 2002<\/strong><\/em><\/li>\n<\/ul>\n<p style=\"text-align: center;\"><strong>Axis Travel:<\/strong><\/p>\n<ul style=\"text-align: center;\">\n<li><i class=\"icon-default-style linecon-icon-settings accent-color\"><\/i><strong>X (L\u00e4ngsbewegung der S\u00e4ule):<\/strong>\u00a01020 mm<\/li>\n<li><i class=\"icon-default-style linecon-icon-settings accent-color\"><\/i><strong>Y (Spalte f\u00fcr Kreuzbewegungen):<\/strong> 600mm<\/li>\n<li><i class=\"icon-default-style linecon-icon-settings accent-color\"><\/i><strong>Z (Vertikale Bewegung des Spindelkopfes):<\/strong>\u00a0560 mm<\/li>\n<\/ul>\n<p style=\"text-align: center;\"><strong>Tisch:<\/strong><\/p>\n<ul style=\"text-align: center;\">\n<li><i class=\"icon-default-style linecon-icon-settings accent-color\"><\/i><strong>Tischgr\u00f6\u00dfe:<\/strong>1020\u00d7550 mm<\/li>\n<li><i class=\"icon-default-style linecon-icon-settings accent-color\"><\/i><strong>Tischbelastbarkeit:<\/strong> 300 kg x2<\/li>\n<\/ul>\n<p style=\"text-align: center;\"><strong>Spindel:<\/strong><\/p>\n<ul style=\"text-align: center;\">\n<li><i class=\"icon-default-style linecon-icon-settings accent-color\"><\/i><strong>max. Spulengeschwindigkeit:<\/strong> 10000 min^-1<\/li>\n<li><i class=\"icon-default-style linecon-icon-settings accent-color\"><\/i><strong>Art der Spindelkegelbohrung:<\/strong> ISO 40\/BT40<\/li>\n<li><i class=\"icon-default-style linecon-icon-settings accent-color\"><\/i><strong>Werkzeugaufbewahrungskapazit\u00e4t:<\/strong> 32<\/li>\n<li><i class=\"icon-default-style linecon-icon-settings accent-color\"><\/i><strong>Masse der Maschine:<\/strong> 8500 kg<\/li>\n<\/ul>\n<p style=\"text-align: center;\"><strong>Andere Informationen:<\/strong><br \/>\nDie Maschine wurde gepr\u00fcft und befindet sich in einem ausgezeichneten Betriebszustand; sie ist vollst\u00e4ndig mit allen Teilen und Zubeh\u00f6r.<br \/>\n<strong>Ausgestattet mit Doppelpaletten- und Sp\u00e4nef\u00f6rderband.<\/strong><\/p>\n<\/div>\n<\/div>\n<\/div>\n<\/div>\n <\/div>\n\t\t\t<\/div> \n\t\t<\/div>\n\t<\/div> \n\n\t<div  class=\"vc_col-sm-4 wpb_column column_container vc_column_container col no-extra-padding inherit_tablet inherit_phone\"  data-padding-pos=\"all\" data-has-bg-color=\"false\" data-bg-color=\"\" data-bg-opacity=\"1\" data-animation=\"\" data-delay=\"0\" >\n\t\t<div class=\"vc_column-inner\" >\n\t\t\t<div class=\"wpb_wrapper\">\n\t\t\t\t\n\t\t\t<\/div> \n\t\t<\/div>\n\t<\/div> \n<\/div><\/div>","protected":false},"excerpt":{"rendered":"<p class=\"translation-block\">Hier ist unser <b>VERTIKALES BEARBEITUNGSZENTRUM<\/b><\/p>\n<p>Es ist in ausgezeichnetem Zustand, f\u00fcr weitere Informationen stehen wir Ihnen gerne zur Verf\u00fcgung.<\/p>","protected":false},"featured_media":12166,"comment_status":"closed","ping_status":"closed","template":"","meta":[],"product_brand":[],"product_cat":[42],"product_tag":[161,472,471,158],"class_list":{"0":"post-12165","1":"product","2":"type-product","3":"status-publish","4":"has-post-thumbnail","6":"product_cat-vertical-horizontal-machining-centers","7":"product_tag-centro-di-lavoro","8":"product_tag-certical-machinning-center","9":"product_tag-famup","10":"product_tag-vmc","11":"pa_luogo-india","13":"first","14":"instock","15":"shipping-taxable","16":"product-type-simple"},"_links":{"self":[{"href":"https:\/\/www.laxmiusedmachine.com\/de\/wp-json\/wp\/v2\/product\/12165","targetHints":{"allow":["GET"]}}],"collection":[{"href":"https:\/\/www.laxmiusedmachine.com\/de\/wp-json\/wp\/v2\/product"}],"about":[{"href":"https:\/\/www.laxmiusedmachine.com\/de\/wp-json\/wp\/v2\/types\/product"}],"replies":[{"embeddable":true,"href":"https:\/\/www.laxmiusedmachine.com\/de\/wp-json\/wp\/v2\/comments?post=12165"}],"wp:featuredmedia":[{"embeddable":true,"href":"https:\/\/www.laxmiusedmachine.com\/de\/wp-json\/wp\/v2\/media\/12166"}],"wp:attachment":[{"href":"https:\/\/www.laxmiusedmachine.com\/de\/wp-json\/wp\/v2\/media?parent=12165"}],"wp:term":[{"taxonomy":"product_brand","embeddable":true,"href":"https:\/\/www.laxmiusedmachine.com\/de\/wp-json\/wp\/v2\/product_brand?post=12165"},{"taxonomy":"product_cat","embeddable":true,"href":"https:\/\/www.laxmiusedmachine.com\/de\/wp-json\/wp\/v2\/product_cat?post=12165"},{"taxonomy":"product_tag","embeddable":true,"href":"https:\/\/www.laxmiusedmachine.com\/de\/wp-json\/wp\/v2\/product_tag?post=12165"}],"curies":[{"name":"wp","href":"https:\/\/api.w.org\/{rel}","templated":true}]}}