{"id":11724,"date":"2024-12-08T10:39:25","date_gmt":"2024-12-08T10:39:25","guid":{"rendered":"https:\/\/www.laxmiusedmachine.com\/?post_type=product&#038;p=11724"},"modified":"2025-06-20T10:26:36","modified_gmt":"2025-06-20T10:26:36","slug":"thread-grinder-reishauer-us-green","status":"publish","type":"product","link":"https:\/\/www.laxmiusedmachine.com\/de\/prodotto\/thread-grinder-reishauer-us-green\/","title":{"rendered":"Fadenm\u00fchle, Reishauser \u2013 US (gr\u00fcn)"},"content":{"rendered":"<div id=\"fws_69e74d3089069\"  data-column-margin=\"default\" data-midnight=\"dark\"  class=\"wpb_row vc_row-fluid vc_row\"  style=\"padding-top: 0px; padding-bottom: 0px; \"><div class=\"row-bg-wrap\" data-bg-animation=\"none\" data-bg-animation-delay=\"\" data-bg-overlay=\"false\"><div class=\"inner-wrap row-bg-layer\" ><div class=\"row-bg viewport-desktop\"  style=\"\"><\/div><\/div><\/div><div class=\"row_col_wrap_12 col span_12 dark left\">\n\t<div  class=\"vc_col-sm-4 wpb_column column_container vc_column_container col no-extra-padding inherit_tablet inherit_phone\"  data-padding-pos=\"all\" data-has-bg-color=\"false\" data-bg-color=\"\" data-bg-opacity=\"1\" data-animation=\"\" data-delay=\"0\" >\n\t\t<div class=\"vc_column-inner\" >\n\t\t\t<div class=\"wpb_wrapper\">\n\t\t\t\t\n\t\t\t<\/div> \n\t\t<\/div>\n\t<\/div> \n\n\t<div  class=\"vc_col-sm-4 wpb_column column_container vc_column_container col no-extra-padding inherit_tablet inherit_phone\"  data-padding-pos=\"all\" data-has-bg-color=\"false\" data-bg-color=\"\" data-bg-opacity=\"1\" data-animation=\"\" data-delay=\"0\" >\n\t\t<div class=\"vc_column-inner\" >\n\t\t\t<div class=\"wpb_wrapper\">\n\t\t\t\t<div class=\"nectar-fancy-ul\" data-list-icon=\"linecon-icon-settings\" data-animation=\"false\" data-animation-delay=\"0\" data-color=\"accent-color\" data-spacing=\"default\" data-alignment=\"left\"> \n<p class=\"p1\" style=\"text-align: center;\"><b>Fadenm\u00fchle, Reishauser \u2013 USA<\/b><\/p>\n<p class=\"p1\" style=\"text-align: center;\"><b>Hersteller: Reishauer<\/b><\/p>\n<p class=\"p1\" style=\"text-align: center;\"><b>Modell: US<\/b><\/p>\n<div class=\"datapackage\">\n<ul>\n<li class=\"label\" style=\"text-align: center;\">Maximale Schleifl\u00e4nge: 450 mm<\/li>\n<li class=\"label\" style=\"text-align: center;\">Maximale Klemml\u00e4nge: 1055 mm<\/li>\n<li class=\"label\" style=\"text-align: center;\">Maximaler Werkst\u00fcckdurchmesser: 250 mm<\/li>\n<li class=\"label\" style=\"text-align: center;\">Gewindedurchmesser: min. 2 mm \u2013 max. 250 mm<\/li>\n<li class=\"label\" style=\"text-align: center;\">Werkst\u00fcckspindelbohrung: 45 mm<\/li>\n<li class=\"label\" style=\"text-align: center;\">Werkst\u00fcckgewicht auf den Spitzen max. 200 kg<\/li>\n<li class=\"label\" style=\"text-align: center;\">Gewindesteigung: min. 0,3 mm \u2013 max. 100 mm<\/li>\n<li class=\"label\" style=\"text-align: center;\">Maximaler Neigungswinkel +40\u00b0<\/li>\n<li class=\"label\" style=\"text-align: center;\">Maximaler Neigungswinkel -40\u00b0<\/li>\n<li class=\"label\" style=\"text-align: center;\">Max. Modul: 10<\/li>\n<li class=\"label\" style=\"text-align: center;\">Schleifscheiben:<\/li>\n<li class=\"label\" style=\"text-align: center;\">Durchmesser: min. 280 mm \u2013 max. 350 mm<\/li>\n<li class=\"label\" style=\"text-align: center;\">Breite: min. 3,5 \u2013 max. 40 mm<\/li>\n<li class=\"label\" style=\"text-align: center;\">Bohrung: 40 mm<\/li>\n<li class=\"label\" style=\"text-align: center;\">Drehzahl der Schleifscheibe: von 1700 U\/min bis 2540 U\/min<\/li>\n<li class=\"label\" style=\"text-align: center;\">Drehzahl des Werkst\u00fcckspindelkopfes: von 0,4 U\/min bis 160 U\/min<\/li>\n<li class=\"label\" style=\"text-align: center;\">Spannung 50 Hz 3x : 380 Volt<\/li>\n<li class=\"label\" style=\"text-align: center;\">Schleifspindelmotor: 4,4 kW<\/li>\n<li class=\"label\" style=\"text-align: center;\">Gesamtleistungsbedarf: 15 kVA<\/li>\n<li class=\"label\" style=\"text-align: center;\">Gewicht der Maschine: ca. 4700 kg<\/li>\n<\/ul>\n<\/div>\n<div class=\"datapackage\" style=\"text-align: center;\">\n<div class=\"label\">Verschiedenes Zubeh\u00f6r:<\/div>\n<div class=\"value\">K\u00fchlsystem<\/div>\n<\/div>\n<div class=\"datapackage\" style=\"text-align: center;\">\n<div class=\"value\">Satz Schleifscheiben<\/div>\n<\/div>\n<div class=\"datapackage\" style=\"text-align: center;\">\n<div class=\"value\">Flanschsatz<\/div>\n<\/div>\n<div class=\"datapackage\" style=\"text-align: center;\">\n<div class=\"value\">Automatische Profil-\/Radzentrierung<\/div>\n<\/div>\n<div class=\"datapackage\" style=\"text-align: center;\">\n<div class=\"value\">Rayon-Umformger\u00e4t + Quetschen<\/div>\n<\/div>\n<div class=\"datapackage\" style=\"text-align: center;\">\n<div class=\"value\">F\u00e4hrt gleichm\u00e4\u00dfig<\/div>\n<\/div>\n<div class=\"datapackage\" style=\"text-align: center;\">\n<div class=\"value\">Zahnradsatz<\/div>\n<\/div>\n<div class=\"datapackage\" style=\"text-align: center;\">\n<div class=\"value\">Satz von Zentren<\/div>\n<\/div>\n<p style=\"text-align: center;\"><b>Andere Information:<\/b><\/p>\n<p class=\"p1\" style=\"text-align: center;\">Die Maschine ist in einwandfreiem Zustand und vollst\u00e4ndig mit allen Teilen und Zubeh\u00f6r.<\/p>\n <\/div>\n\t\t\t<\/div> \n\t\t<\/div>\n\t<\/div> \n\n\t<div  class=\"vc_col-sm-4 wpb_column column_container vc_column_container col no-extra-padding inherit_tablet inherit_phone\"  data-padding-pos=\"all\" data-has-bg-color=\"false\" data-bg-color=\"\" data-bg-opacity=\"1\" data-animation=\"\" data-delay=\"0\" >\n\t\t<div class=\"vc_column-inner\" >\n\t\t\t<div class=\"wpb_wrapper\">\n\t\t\t\t\n\t\t\t<\/div> \n\t\t<\/div>\n\t<\/div> \n<\/div><\/div>","protected":false},"excerpt":{"rendered":"<p>Hier ist unsere <strong>GEWINDESCHLEIFER<\/strong>, Es befindet sich in einwandfreiem Zustand.,<\/p>\n<p>F\u00fcr Ausk\u00fcnfte stehen wir Ihnen jederzeit gerne zur Verf\u00fcgung.<\/p>","protected":false},"featured_media":11725,"comment_status":"closed","ping_status":"closed","template":"","meta":[],"product_brand":[],"product_cat":[464],"product_tag":[1307,825],"class_list":{"0":"post-11724","1":"product","2":"type-product","3":"status-publish","4":"has-post-thumbnail","6":"product_cat-thread-and-worm-grinding-machines","7":"product_tag-reishsuer-us","8":"product_tag-thread-grinding","9":"pa_luogo-india","11":"first","12":"instock","13":"shipping-taxable","14":"product-type-simple"},"_links":{"self":[{"href":"https:\/\/www.laxmiusedmachine.com\/de\/wp-json\/wp\/v2\/product\/11724","targetHints":{"allow":["GET"]}}],"collection":[{"href":"https:\/\/www.laxmiusedmachine.com\/de\/wp-json\/wp\/v2\/product"}],"about":[{"href":"https:\/\/www.laxmiusedmachine.com\/de\/wp-json\/wp\/v2\/types\/product"}],"replies":[{"embeddable":true,"href":"https:\/\/www.laxmiusedmachine.com\/de\/wp-json\/wp\/v2\/comments?post=11724"}],"wp:featuredmedia":[{"embeddable":true,"href":"https:\/\/www.laxmiusedmachine.com\/de\/wp-json\/wp\/v2\/media\/11725"}],"wp:attachment":[{"href":"https:\/\/www.laxmiusedmachine.com\/de\/wp-json\/wp\/v2\/media?parent=11724"}],"wp:term":[{"taxonomy":"product_brand","embeddable":true,"href":"https:\/\/www.laxmiusedmachine.com\/de\/wp-json\/wp\/v2\/product_brand?post=11724"},{"taxonomy":"product_cat","embeddable":true,"href":"https:\/\/www.laxmiusedmachine.com\/de\/wp-json\/wp\/v2\/product_cat?post=11724"},{"taxonomy":"product_tag","embeddable":true,"href":"https:\/\/www.laxmiusedmachine.com\/de\/wp-json\/wp\/v2\/product_tag?post=11724"}],"curies":[{"name":"wp","href":"https:\/\/api.w.org\/{rel}","templated":true}]}}