{"id":11354,"date":"2024-08-01T11:00:39","date_gmt":"2024-08-01T11:00:39","guid":{"rendered":"https:\/\/www.laxmiusedmachine.com\/?post_type=product&#038;p=11354"},"modified":"2024-12-08T11:17:13","modified_gmt":"2024-12-08T11:17:13","slug":"cnc-worm-grinder-samputensili-s400-gt","status":"publish","type":"product","link":"https:\/\/www.laxmiusedmachine.com\/de\/prodotto\/cnc-worm-grinder-samputensili-s400-gt\/","title":{"rendered":"CNC-Schneckenschleifer, SAMPUTENSILI \u2013 S400 GT"},"content":{"rendered":"<div id=\"fws_69f4152c1b7eb\"  data-column-margin=\"default\" data-midnight=\"dark\"  class=\"wpb_row vc_row-fluid vc_row\"  style=\"padding-top: 0px; padding-bottom: 0px; \"><div class=\"row-bg-wrap\" data-bg-animation=\"none\" data-bg-animation-delay=\"\" data-bg-overlay=\"false\"><div class=\"inner-wrap row-bg-layer\" ><div class=\"row-bg viewport-desktop\"  style=\"\"><\/div><\/div><\/div><div class=\"row_col_wrap_12 col span_12 dark left\">\n\t<div  class=\"vc_col-sm-4 wpb_column column_container vc_column_container col no-extra-padding inherit_tablet inherit_phone\"  data-padding-pos=\"all\" data-has-bg-color=\"false\" data-bg-color=\"\" data-bg-opacity=\"1\" data-animation=\"\" data-delay=\"0\" >\n\t\t<div class=\"vc_column-inner\" >\n\t\t\t<div class=\"wpb_wrapper\">\n\t\t\t\t\n\t\t\t<\/div> \n\t\t<\/div>\n\t<\/div> \n\n\t<div  class=\"vc_col-sm-4 wpb_column column_container vc_column_container col no-extra-padding inherit_tablet inherit_phone\"  data-padding-pos=\"all\" data-has-bg-color=\"false\" data-bg-color=\"\" data-bg-opacity=\"1\" data-animation=\"\" data-delay=\"0\" >\n\t\t<div class=\"vc_column-inner\" >\n\t\t\t<div class=\"wpb_wrapper\">\n\t\t\t\t<div class=\"nectar-fancy-ul\" data-list-icon=\"linecon-icon-settings\" data-animation=\"false\" data-animation-delay=\"0\" data-color=\"accent-color\" data-spacing=\"default\" data-alignment=\"left\"> \n<p style=\"text-align: center;\"><em><strong>CNC-Schneckenschleifer<\/strong><\/em><\/p>\n<ul style=\"text-align: center;\">\n<li><strong>Machen:<\/strong> <em><strong>SAMPUTENSILI<\/strong><\/em><\/li>\n<li><strong>Modell:<\/strong> <em><strong>S400 GT<\/strong><\/em><\/li>\n<li>JAHR: 2002<\/li>\n<li>mit SIEMENS 840D<\/li>\n<\/ul>\n<p style=\"text-align: center;\"><strong>Andere Informationen:<\/strong><br \/>\nDie Maschine ist in exzellentem Zustand und vollst\u00e4ndig mit allen Teilen und Zubeh\u00f6r. Sie eignet sich sowohl f\u00fcr das Profil- als auch f\u00fcr das Schneckenradschleifen. Zahnradprofile k\u00f6nnen generationsweise mit einer Mehrgang-Schneckenscheibe oder als Einzelindex-Profile geschliffen werden. Ideal f\u00fcr die Bearbeitung mit galvanisch beschichteten CBN-Schleifscheiben (bis zu 4 Scheiben auf derselben Spindel), einschlie\u00dflich Schrupp- und Schlichtscheiben, die automatisch im selben Arbeitsgang mit Werkst\u00fccksynchronisation in den verschiedenen Phasen eingesetzt werden.<\/p>\n <\/div>\n\t\t\t<\/div> \n\t\t<\/div>\n\t<\/div> \n\n\t<div  class=\"vc_col-sm-4 wpb_column column_container vc_column_container col no-extra-padding inherit_tablet inherit_phone\"  data-padding-pos=\"all\" data-has-bg-color=\"false\" data-bg-color=\"\" data-bg-opacity=\"1\" data-animation=\"\" data-delay=\"0\" >\n\t\t<div class=\"vc_column-inner\" >\n\t\t\t<div class=\"wpb_wrapper\">\n\t\t\t\t\n\t\t\t<\/div> \n\t\t<\/div>\n\t<\/div> \n<\/div><\/div>","protected":false},"excerpt":{"rendered":"<p>Hier ist unsere <strong>\u00a0CNC-Schneckenschleifer,<\/strong><\/p>\n<p>Es befindet sich in einem ausgezeichneten Zustand. F\u00fcr weitere Informationen stehen wir Ihnen gerne zur Verf\u00fcgung!<\/p>","protected":false},"featured_media":11366,"comment_status":"closed","ping_status":"closed","template":"","meta":[],"product_brand":[],"product_cat":[464],"product_tag":[1199,1242,381,1241,1197],"class_list":{"0":"post-11354","1":"product","2":"type-product","3":"status-publish","4":"has-post-thumbnail","6":"product_cat-thread-and-worm-grinding-machines","7":"product_tag-samputensili","8":"product_tag-thread-and-worm-grinder","9":"product_tag-thread-grinder","10":"product_tag-worm","11":"product_tag-worm-grinder","12":"pa_luogo-italia","14":"first","15":"instock","16":"shipping-taxable","17":"product-type-simple"},"_links":{"self":[{"href":"https:\/\/www.laxmiusedmachine.com\/de\/wp-json\/wp\/v2\/product\/11354","targetHints":{"allow":["GET"]}}],"collection":[{"href":"https:\/\/www.laxmiusedmachine.com\/de\/wp-json\/wp\/v2\/product"}],"about":[{"href":"https:\/\/www.laxmiusedmachine.com\/de\/wp-json\/wp\/v2\/types\/product"}],"replies":[{"embeddable":true,"href":"https:\/\/www.laxmiusedmachine.com\/de\/wp-json\/wp\/v2\/comments?post=11354"}],"wp:featuredmedia":[{"embeddable":true,"href":"https:\/\/www.laxmiusedmachine.com\/de\/wp-json\/wp\/v2\/media\/11366"}],"wp:attachment":[{"href":"https:\/\/www.laxmiusedmachine.com\/de\/wp-json\/wp\/v2\/media?parent=11354"}],"wp:term":[{"taxonomy":"product_brand","embeddable":true,"href":"https:\/\/www.laxmiusedmachine.com\/de\/wp-json\/wp\/v2\/product_brand?post=11354"},{"taxonomy":"product_cat","embeddable":true,"href":"https:\/\/www.laxmiusedmachine.com\/de\/wp-json\/wp\/v2\/product_cat?post=11354"},{"taxonomy":"product_tag","embeddable":true,"href":"https:\/\/www.laxmiusedmachine.com\/de\/wp-json\/wp\/v2\/product_tag?post=11354"}],"curies":[{"name":"wp","href":"https:\/\/api.w.org\/{rel}","templated":true}]}}