{"id":11165,"date":"2024-06-01T14:24:54","date_gmt":"2024-06-01T14:24:54","guid":{"rendered":"https:\/\/www.laxmiusedmachine.com\/?post_type=product&#038;p=11165"},"modified":"2024-07-08T15:13:39","modified_gmt":"2024-07-08T15:13:39","slug":"6-axis-cnc-turning-center-hwacheon-hitech-230bl-ysmc","status":"publish","type":"product","link":"https:\/\/www.laxmiusedmachine.com\/de\/prodotto\/6-axis-cnc-turning-center-hwacheon-hitech-230bl-ysmc\/","title":{"rendered":"6-Achs-CNC-Drehzentrum, HWACHEON \u2013 HITECH 230BL YSMC"},"content":{"rendered":"<div id=\"fws_69f54747a1cbe\"  data-column-margin=\"default\" data-midnight=\"dark\"  class=\"wpb_row vc_row-fluid vc_row\"  style=\"padding-top: 0px; padding-bottom: 0px; \"><div class=\"row-bg-wrap\" data-bg-animation=\"none\" data-bg-animation-delay=\"\" data-bg-overlay=\"false\"><div class=\"inner-wrap row-bg-layer\" ><div class=\"row-bg viewport-desktop\"  style=\"\"><\/div><\/div><\/div><div class=\"row_col_wrap_12 col span_12 dark left\">\n\t<div  class=\"vc_col-sm-4 wpb_column column_container vc_column_container col no-extra-padding inherit_tablet inherit_phone\"  data-padding-pos=\"all\" data-has-bg-color=\"false\" data-bg-color=\"\" data-bg-opacity=\"1\" data-animation=\"\" data-delay=\"0\" >\n\t\t<div class=\"vc_column-inner\" >\n\t\t\t<div class=\"wpb_wrapper\">\n\t\t\t\t\n\t\t\t<\/div> \n\t\t<\/div>\n\t<\/div> \n\n\t<div  class=\"vc_col-sm-4 wpb_column column_container vc_column_container col no-extra-padding inherit_tablet inherit_phone\"  data-padding-pos=\"all\" data-has-bg-color=\"false\" data-bg-color=\"\" data-bg-opacity=\"1\" data-animation=\"\" data-delay=\"0\" >\n\t\t<div class=\"vc_column-inner\" >\n\t\t\t<div class=\"wpb_wrapper\">\n\t\t\t\t\n<div class=\"wpb_text_column wpb_content_element\" >\n\t<div class=\"wpb_wrapper\">\n\t\t<ul>\n<li style=\"text-align: center;\"><em>6-Achs-CNC-Drehzentrum<\/em><\/li>\n<li style=\"text-align: center;\"><strong><em>Marke: HWACHEON <\/em><\/strong><\/li>\n<li style=\"text-align: center;\"><strong><em>Modell: HITECH 230BL YSMC<\/em><\/strong><\/li>\n<li style=\"text-align: center;\"><strong><em>Jahr: 07.2022<\/em><\/strong><\/li>\n<li style=\"text-align: center;\"><strong><em>CNC: FANUC 0i-T Plus Video 15\u2033<\/em><\/strong><\/li>\n<li style=\"text-align: center;\"><strong>Arbeitszeit: 400 Stunden<\/strong><\/li>\n<li style=\"text-align: center;\"><strong><em>Maximaler Schwenkdurchmesser: 750 mm<\/em><\/strong><\/li>\n<li style=\"text-align: center;\"><strong><em>Maximaler Drehdurchmesser: 425 mm<\/em><\/strong><\/li>\n<li style=\"text-align: center;\"><strong><em>Maximale Drehl\u00e4nge: 531,5 mm<\/em><\/strong><\/li>\n<li style=\"text-align: center;\"><strong><em>Spindel: A2-8; 3500 U\/min; 91; 81; 18,5\/11 kW; 410 Nm; 0,0001\u00b0<\/em><\/strong><\/li>\n<li style=\"text-align: center;\"><strong><em>Revolver mit angetriebenen Werkzeugen: 65 ; 12 ( Index 24 ) POS; 25X25 ; 40 ; 5,5\/3,7 kW; 5000 U\/min; 52,5 Nm; 0,0001 ; 0,344<\/em><\/strong><\/li>\n<li style=\"text-align: center;\"><strong><em>X-Achse: 240 mm<\/em><\/strong><\/li>\n<li style=\"text-align: center;\"><strong><em>Z-Achse: 700 mm<\/em><\/strong><\/li>\n<li style=\"text-align: center;\"><strong><em>Y-Achse: 60 mm<\/em><\/strong><\/li>\n<li style=\"text-align: center;\"><strong><em>B-Achse: 640 mm<\/em><\/strong><\/li>\n<li style=\"text-align: center;\"><strong><em>Schnelle Bewegungen X\/Z\/Y\/B: 30\/30\/10\/24 m\/min<\/em><\/strong><\/li>\n<li style=\"text-align: center;\"><strong><em>MOTOREN X\/Z\/Y\/B : 3,0\/3,0\/3,0\/1,6 kW<\/em><\/strong><\/li>\n<li style=\"text-align: center;\"><strong><em>Gegenspindel A2-5 ; 6 ; 7,5\/5,5 kW; 5000 U\/min; 86 Nm; 62 ; 51 ; 0,0001\u00b0<\/em><\/strong><\/li>\n<\/ul>\n<p style=\"text-align: center;\">Weitere Informationen:<\/p>\n<p style=\"text-align: center;\">Die Maschine verf\u00fcgt \u00fcber Spindel, Gegenspindel, Y-Achse und angetriebene Werkzeuge! Sie ist neuwertig und mit viel Zubeh\u00f6r ausgestattet.<\/p>\n\t<\/div>\n<\/div>\n\n\n\n\n\t\t\t<\/div> \n\t\t<\/div>\n\t<\/div> \n\n\t<div  class=\"vc_col-sm-4 wpb_column column_container vc_column_container col no-extra-padding inherit_tablet inherit_phone\"  data-padding-pos=\"all\" data-has-bg-color=\"false\" data-bg-color=\"\" data-bg-opacity=\"1\" data-animation=\"\" data-delay=\"0\" >\n\t\t<div class=\"vc_column-inner\" >\n\t\t\t<div class=\"wpb_wrapper\">\n\t\t\t\t\n\t\t\t<\/div> \n\t\t<\/div>\n\t<\/div> \n<\/div><\/div>","protected":false},"excerpt":{"rendered":"<p>Hier sind unsere 6<strong> AXIS CNC-DREHZENTRUM.<br \/>\n<\/strong>Es befindet sich in einem ausgezeichneten Zustand. F\u00fcr weitere Informationen stehen wir Ihnen gerne zur Verf\u00fcgung!<\/p>","protected":false},"featured_media":11167,"comment_status":"closed","ping_status":"closed","template":"","meta":[],"product_brand":[],"product_cat":[24],"product_tag":[],"class_list":{"0":"post-11165","1":"product","2":"type-product","3":"status-publish","4":"has-post-thumbnail","6":"product_cat-cnc-lathe-machines","7":"pa_luogo-italia","9":"first","10":"instock","11":"shipping-taxable","12":"product-type-simple"},"_links":{"self":[{"href":"https:\/\/www.laxmiusedmachine.com\/de\/wp-json\/wp\/v2\/product\/11165","targetHints":{"allow":["GET"]}}],"collection":[{"href":"https:\/\/www.laxmiusedmachine.com\/de\/wp-json\/wp\/v2\/product"}],"about":[{"href":"https:\/\/www.laxmiusedmachine.com\/de\/wp-json\/wp\/v2\/types\/product"}],"replies":[{"embeddable":true,"href":"https:\/\/www.laxmiusedmachine.com\/de\/wp-json\/wp\/v2\/comments?post=11165"}],"wp:featuredmedia":[{"embeddable":true,"href":"https:\/\/www.laxmiusedmachine.com\/de\/wp-json\/wp\/v2\/media\/11167"}],"wp:attachment":[{"href":"https:\/\/www.laxmiusedmachine.com\/de\/wp-json\/wp\/v2\/media?parent=11165"}],"wp:term":[{"taxonomy":"product_brand","embeddable":true,"href":"https:\/\/www.laxmiusedmachine.com\/de\/wp-json\/wp\/v2\/product_brand?post=11165"},{"taxonomy":"product_cat","embeddable":true,"href":"https:\/\/www.laxmiusedmachine.com\/de\/wp-json\/wp\/v2\/product_cat?post=11165"},{"taxonomy":"product_tag","embeddable":true,"href":"https:\/\/www.laxmiusedmachine.com\/de\/wp-json\/wp\/v2\/product_tag?post=11165"}],"curies":[{"name":"wp","href":"https:\/\/api.w.org\/{rel}","templated":true}]}}