{"id":3,"date":"2020-05-05T12:09:40","date_gmt":"2020-05-05T12:09:40","guid":{"rendered":"http:\/\/www.laxmiusedmachine.com\/?page_id=3"},"modified":"2021-10-29T08:36:38","modified_gmt":"2021-10-29T08:36:38","slug":"privacy-policy","status":"publish","type":"page","link":"https:\/\/www.laxmiusedmachine.com\/de\/privacy-policy\/","title":{"rendered":"Datenschutz-Bestimmungen"},"content":{"rendered":"<p><strong>Premessa<\/strong><br \/>\nIn questa pagina sono descritte le modalit\u00e0 di gestione del presente sito con riferimento al trattamento dei personali degli utenti che lo consultano e che fruiscono dei relativi servizi offerti dallo stesso, nel rispetto dell&#039;art. 13 D.Lgs. 30.6.2003 k. 196 und dell\u2019art. 13 Regolamento UE n. 2016\/679 (per brevit\u00e0 Regolamento).<br \/>\nLa presente informativa \u00e8 consultabile selezionando l&#039;appposito link in calce a tutte le pagine del sito. Per trattamento dei dati personali si beabsichtigt qualsiasi operazione o insieme di operazioni compiute con o senza l&#039;ausilio di processi automatizzati e apply a dati personali, come la raccolta, la registrazione, l&#039;organizzazione, la strutturazione, la conservazione, l&#039;adattamento o la modifica, l&#039;estrazione, la consultazione, l&#039;uso, la comunicazione mediante trasmissione, diffusione o qualsiasi altra forma di messa a disposizione, il raffronto o l&#039;interconnessione, la limitazione, la pseudonimizzazione, la cancelazione o la disstruzione.<br \/>\nSi consiglia agli utenti che desiderino inviare datatramite il sito, di leggere attentamente il content della presente policy privacy prima di fornire i rispettivi dati personali.<\/p>\n<p><strong>Allgemeine Informationen<\/strong><br \/>\nLa consultazione del sito pu\u00f2 avvenire come semplice visitatore oppure come utete registrato. Per procedere alla registrazione l&#039;utete dovr\u00e0 completare la procedura di registrazione di cui alle condizioni d&#039;uso consultabili sul sito. La procedura di iscrizione al sito comporta necessariamente l&#039;inserimento dei dati personali dell&#039;utente, i quali verranno trattati nel rispetto ed in konformit\u00e0 alla presente policy privacy ed alle normative in essa richiamate.<br \/>\nIn particolare, il trattamento dei dati sar\u00e0 effettuato nel rispetto dei principi di liceit\u00e0, correttezza, trasparenza, esattezza, integrit\u00e0 e risservatezza ai sensi dell&#039;articolo 5 del Regolamento, garantendo la tutela dei diritti dell&#039;utente previsti dagli artt. 12-22 del Medesimo Regolamento.<br \/>\nIn caso di dissenso da parte dell&#039;utente rispetto al contentuto della presente policy privacy, si invita lo stesso a non dar corso alla procedura di registrazione dei suoi data sul presente sito.<\/p>\n<p><strong>Titolare e Responsabile del trattamento<\/strong><br \/>\nIl Titolare del trattamento ist:<br \/>\nLAL CHAND METALL &amp; MASCHINEN<br \/>\nVia Bernini 21 \u2013 44012 Bondeno (FE);<br \/>\nP.IVA 01935280386 \u2013 CF JNOSSH66M09Z222X.<\/p>\n<p>L&#039;elenco aggiornato dei responsabili e degli incaricati al trattamento \u00e8 custodito presso la sede legale del Titolare del trattamento.<br \/>\nAl soggetto Titolare e Responsabile del trattamento spetta l&#039;adozione delle Decisioni in merito alle finalit\u00e0, modalit\u00e0 di trattamento dei dati, nonch\u00e9 in ordine alle misure tecniche, organizzative adeguate di cui dotarsi ai sensi dell&#039;articolo 32 del Regolamento, per garantire che il trattamento dei dati sia effettuato condomente a quanto da quest&#039;ultimo previsto.<\/p>\n<p><strong>Finalit\u00e0 del trattamento<\/strong><br \/>\nI dati dell&#039;utente sono raccolti ed utilizzati esclusivamente per le finalit\u00e0 di seguito riepilogate:<br \/>\n1. creazione ed attivazione account sul sito;<br \/>\n2. finale i contratti per i servizi del Titolare;<br \/>\n3. funzionamento ed accesso ai servizi forniti dal Titolare e riservati all&#039;utente registrato;<br \/>\n4. registrazione al sito per la fruizione dei relativi servizi;<br \/>\n5. invio all&#039;indirizzo di posta elettronica fornita dall&#039;utente di buoni sconto o promozioni dallo stesso fruibili in sede di invio dell&#039;ordine di acquisto dei prodotti selezionati;<br \/>\n6. invio tramite l&#039;indirizzo di posta elettronica fornito dall&#039;utente delle risposte alle domande e\/o richieste di precisazioni formulate dall&#039;utente stesso, circa gli eventuali prodotti commercializzati ed i servizi offerti dal sito;<br \/>\n7. elaborazione di statistiche in forma anonima<\/p>\n<p>Solo previo Suo specifico e distinto consenso (art. 23 e 130 Codice Privacy e art. 7 GDPR), per le seguenti Finalit\u00e0 di Marketing:<br \/>\n1. InviarLe via e-mail, posta e\/o sms e\/o contatti telefonici, newsletter, comunicazioni commerciali e\/o materiale pubblicitario su prodotti o servizi offerti dal Titolare e rilevazione del grado di soddisfazione sulla qualit\u00e0 dei servizi;<br \/>\n2. InviarLe per E-Mail, Post, E\/O SMS, E\/O-Kontakte Telefonische Kommunikation, Kommerzielle Kommunikation, E\/O-Promozionali Di Soggetti Terzi (ad esempio, business partner, compagnie assicurative, ecc\u2026).<\/p>\n<p><strong>Tipologie di dati trattati<\/strong><br \/>\nIl Titolare, raccoglie, gestisce e conserva i data identificativi, personali e sensibili dell&#039;Utente, il quale, conferendo liberamente i propri dati, dichiara la propria volont\u00e0 di divenire Utente Registrato a seguito del completamento del percorso di registrazione previsto nel sito.<\/p>\n<p><strong>Dati relativi all&#039;Utente<\/strong><br \/>\nI data identificativi e personali dell&#039;utente sono raccolti esclusivamente per le finalit\u00e0 sopra descritte. Il trattamento dei dati oltre ad avere ad oggetto dati personali (a mero titolo esemplificativo nome, cognome, indirizzo di posta elettronica), potr\u00e0 avere ad oggetto anche dati sensibili.<\/p>\n<p><strong>Daten sensibili<\/strong><br \/>\nIn sede di registrazione l&#039;utente potr\u00e0 conferire dati di natura sensibile come per esempio informazioni idonee a rivelare la sua origine razziale ed etnica.<br \/>\nDati forniti volontariamente dall&#039;utente telematicamente<br \/>\nI dati che l&#039;utente dovesse spontaneamente comunicare al Titolare utilizzando l&#039;indirizzo di posta elettronica &#039;<a href=\"mailto:joon.metalemachines@lamiapec.it\">joon.metalemachines@lamiapec.it<\/a>&#039;, saranno trattati nel rispetto dei principi di correttezza, liceit\u00e0, trasparenza ed adeguatezza cui il trattamento deve essere convertato, al fine di garantire la tutela della riservatezza e dei diritti dell&#039;utente. Tali dati sono utilizzati al solo scopo di eseguire il servizio e\/o la prestazione richiesta dall&#039;utente e potranno essere comunicati a terzi nel solo caso in cui ci\u00f2 sia strettamente necessario per l&#039;esecuzione della richiesta dell&#039;utente.<\/p>\n<p><strong>Kommunikation der Daten<\/strong><br \/>\nI dati personali dell&#039;utente possono essere comunicati, a soggetti determinati, incaricati dal Titolare della fornitura di servizi strumentali o necessari all&#039;esecuzione delle obbligazioni connesse alla registrazione al sito e all&#039;acquisto on line, nei limiti e in condot\u00e0 alle istruzioni impartite.<br \/>\nInsbesondere i dati potranno essere comunicati a:<br \/>\n1. persone, societ\u00e0 o studi professionali, che prestino attivit\u00e0 \u2013 a titolo esemplificativo \u2013 di assistenza, consulenza o collaborazione al Titolare in materia contabile, amministrativa, legale, tributaria e finanziaria;<br \/>\n2. soggetti terzi (corrieri, spedizionieri) incaricati del confezionamento, spedizione e\/o consegna dei prodotti ordinati dall&#039;utente registrato;<br \/>\n3. tutti quei soggetti (ivi incluse le pubbliche autorit\u00e0) che hanno accesso ai dati personali in forza di provvedimenti normativi o amministrativi.<\/p>\n<p><strong>Modalit\u00e0 di trattamento<\/strong><br \/>\nI dati dell&#039;utente saranno memorizzati sia su supporti informatici che, ove necessario, su supporti cartacei nel rispetto delle disposizioni contenute nel Regolamento: essi verranno trattati mediante operazioni di registrazione, consultazione, comunicazione, conservazione, cancelazione, rettifica, aggiornamento, effettuate in prevalenza con l&#039;ausilio di strumenti elettronici, assicurando l&#039;impiego di misure adeguate per garantire la sicurezza dei dati trattati e la riservatezza dei medesimi.<br \/>\nA seguito di controlli periodici il Titolare verificher\u00e0 la stretta pertinenza e la non eccedenza dei dati<br \/>\nraccolti rispetto agli obligatorisch ed alle finalit\u00e0 del trattamento.<br \/>\nL&#039;utente sar\u00e0 ritenuto responsabile della veridicit\u00e0 dei dati; spetta quindi all&#039;utente il compito di verificare la correttezza dei dati che lo riguardano ed, eventualmente, procedere alla rettifica, all&#039;aggiornamento o, comunque, alla modifica dei dati nel corso del trattamento.<br \/>\nI dati dell&#039;utente sono conservati e trattati per il tempo necessario per lo svolgimento dei servizi richiesti dallo stesso nel rispetto delle finalit\u00e0 sopra elencate nella presente informativa, in otttemperanza agli obblighi di natura civilistica, taxe e tributaria.<br \/>\nNel caso di cancellung di disabilitazione dell&#039;account dell&#039;utente, i dati dell&#039;utente saranno conservati esclusivamente per le tempistiche necessarie e richieste per a dempiere a specifici obblighi di legge sulla conservazione di documentazione conservazione di documentazione contabile e taxe.<\/p>\n<p><strong>Diritti dell\u2019utente<\/strong><br \/>\nI soggetti cui si riferiscono i dati personali ed identificativi trattati godono dei diritti previsti dagli dal Regolamento che di seguito si riepilogano:<\/p>\n<ul>\n<li>chiedere al Titolare del Trattamento l&#039;accesso ai dati personali che lo riguardano;<\/li>\n<li>ottenere l&#039;indicazione dell&#039;origine dei dati, delle finalit\u00e0 del trattamento, della logica apply in caso di trattamento effettuato con l&#039;ausilio di strumenti elettronici, degli estremi identificativi del titolare, dei responsabili del trattamento e del rappresentante designato;<\/li>\n<li>ottenere l&#039;indicazione dei soggetti o delle categorye di soggetti ai quali i dati personali possono essere comunicati o che possono venirne a conoscenza in qualit\u00e0 di rappresentanti designati nel territorio dello stato, di responsabili o incaricati;<\/li>\n<li>ottenere l&#039;aggiornamento, la rettificazione ovvero quando vi ha interesse l&#039;integrazione dei dati;<\/li>\n<li>la cancellung, la trasformazione in forma anonima o la pseudonimizzazione o il blocco dei dati trattati in violazione di legge, compresi quelli per i quali non \u00e8 necessaria la conservazione in relazione agli scopi per i quali i dati sono stati raccolti o successivamente trattati;<\/li>\n<li>Proporre reclamo al Garante per la protezione dei data personali, seguendo le procedure e le indicazioni pubblicate sul sito officiale dell&#039;Autorit\u00e0 su garanteprivacy.it;<\/li>\n<\/ul>\n<p>opporsi in tutto o in parte per motivi legittimi al trattamento dei dati che lo riguardano, ancorch\u00e9 pertinenti allo scopo della raccolta.<br \/>\n\u2013 Tramit raccomandata ar a:<br \/>\nLAL CHAND METALL &amp; MASCHINEN<br \/>\nVia Bernini 21 \u2013 44012 Bondeno (FE); P.IVA 01935280386 \u2013 CF JNOSSH66M09Z222X<br \/>\n\u2013 Tramite-E-Mail all&#039;indirizzo &#039;<a href=\"mailto:joon.metalemachines@lamiapec.it\">joon.metalemachines@lamiapec.it<\/a>\u2018&#039;\u2018<\/p>\n<p><strong>Misure di sicurezza<\/strong><br \/>\nIl Titolare adotta misure di sicurezza, in Conformit\u00e0 a quanto disposto dal Regolamento adeguate al fine di ridurre al minimo i rischi di disstruzione o di perdita \u2013 anche Accidentale \u2013 dei dati, di accesso non autorizzato o di trattamento non consentito o non conforme alle finalit\u00e0 di Datenschutzerkl\u00e4rung anzeigen nella presente Policy Privacy.<\/p>\n<p><strong>Datenleck<\/strong><br \/>\nIn ipotesi di informatico che comporti la violazione dei dati trattati, il Titolare ai sensi dell&#039;articolo 33 del Regolamento \u00e8 responsabile di comunicare e notificare il fatto al Garante entro 72 ore dal momento in cui ne \u00e8 venuto a conoscenza ed al suo recapito di posta elettronica seguendo le istruzioni disponibili sul sito <a href=\"https:\/\/web.garanteprivacy.it\/rgt\/NotificaTelematica.php\" target=\"_blank\" rel=\"noopener noreferrer\">https:\/\/web.garanteprivacy.it\/rgt\/NotificaTelematica.php<\/a><\/p>","protected":false},"excerpt":{"rendered":"<p>Premessa In questa pagina sono descritte le modalit\u00e0 di gestione del presente sito con riferimento al trattamento dei dati personali degli utenti che lo consultano e che fruiscono dei relativi\u2026<\/p>","protected":false},"author":1,"featured_media":0,"parent":0,"menu_order":0,"comment_status":"closed","ping_status":"closed","template":"","meta":{"footnotes":""},"class_list":["post-3","page","type-page","status-publish"],"_links":{"self":[{"href":"https:\/\/www.laxmiusedmachine.com\/de\/wp-json\/wp\/v2\/pages\/3","targetHints":{"allow":["GET"]}}],"collection":[{"href":"https:\/\/www.laxmiusedmachine.com\/de\/wp-json\/wp\/v2\/pages"}],"about":[{"href":"https:\/\/www.laxmiusedmachine.com\/de\/wp-json\/wp\/v2\/types\/page"}],"author":[{"embeddable":true,"href":"https:\/\/www.laxmiusedmachine.com\/de\/wp-json\/wp\/v2\/users\/1"}],"replies":[{"embeddable":true,"href":"https:\/\/www.laxmiusedmachine.com\/de\/wp-json\/wp\/v2\/comments?post=3"}],"version-history":[{"count":0,"href":"https:\/\/www.laxmiusedmachine.com\/de\/wp-json\/wp\/v2\/pages\/3\/revisions"}],"wp:attachment":[{"href":"https:\/\/www.laxmiusedmachine.com\/de\/wp-json\/wp\/v2\/media?parent=3"}],"curies":[{"name":"wp","href":"https:\/\/api.w.org\/{rel}","templated":true}]}}